{"id":2247,"date":"2024-05-21T10:08:58","date_gmt":"2024-05-21T08:08:58","guid":{"rendered":"https:\/\/www.pole-avenia.com\/?page_id=2247"},"modified":"2026-01-21T16:46:54","modified_gmt":"2026-01-21T15:46:54","slug":"alina","status":"publish","type":"page","link":"https:\/\/www.pole-avenia.com\/fr\/nos-programmes\/alina\/","title":{"rendered":"aLiNA"},"content":{"rendered":"\t\t<div data-elementor-type=\"wp-page\" data-elementor-id=\"2247\" class=\"elementor elementor-2247\">\n\t\t\t\t<div class=\"elementor-element elementor-element-abe25e4 e-flex e-con-boxed e-con e-parent\" data-id=\"abe25e4\" data-element_type=\"container\" data-settings=\"{&quot;container_type&quot;:&quot;flex&quot;,&quot;content_width&quot;:&quot;boxed&quot;}\" data-core-v316-plus=\"true\">\n\t\t\t\t\t<div class=\"e-con-inner\">\n\t\t\t\t<div class=\"elementor-element elementor-element-8a64e09 elementor-widget elementor-widget-ucaddon_avenia_hero_programme\" data-id=\"8a64e09\" data-element_type=\"widget\" data-widget_type=\"ucaddon_avenia_hero_programme.default\">\n\t\t\t\t<div class=\"elementor-widget-container\">\n\t\t\t\n<!-- start Avenia - Hero Programme -->\n\n<div class=\"avenia_hero-program\" style=\"background-image: url('https:\/\/www.pole-avenia.com\/wp-content\/uploads\/2024\/11\/aLiNA-2-scaled.jpg')\" >\n  <div class=\"hero_bloc\">\n    <div class=\"bloc--contenu\">\n      <h1 class=\"avenia_title--1\">aLiNA<\/h1>\n      <p class=\"avenia_title--4\">Une initiative pour des projets miniers responsables et durables<\/p>\n    <\/div>\n        <div class=\"bloc--cta\">\n      <a class=\"avenia_button size-lg color-light\" href=\"mailto:jerome.gouin@pole-avenia.com\">\n        <div class=\"bt-wrap\">\n          <span class=\"top\">Contactez-nous<\/span>\n          <span class=\"bottom\">Contactez-nous<\/span>\n        <\/div>\n      <\/a>\n    <\/div>    \n      <\/div>\n<\/div>\n<!-- end Avenia - Hero Programme -->\t\t<\/div>\n\t\t\t\t<\/div>\n\t\t\t\t<div class=\"elementor-element elementor-element-7eaa192 elementor-widget elementor-widget-ucaddon_avenia_contenu_programme\" data-id=\"7eaa192\" data-element_type=\"widget\" data-widget_type=\"ucaddon_avenia_contenu_programme.default\">\n\t\t\t\t<div class=\"elementor-widget-container\">\n\t\t\t\n<!-- start Avenia - Contenu Programme -->\n\n<div class=\"avenia_content-program\">\n  <p class=\"display-bl avenia_title--4\">aLiNA est un programme d\u2019AVENIA, ouvert \u00e0 tous les adh\u00e9rents int\u00e9ress\u00e9s par la th\u00e9matique des ressources min\u00e9rales, qui vise \u00e0 aider le d\u00e9veloppement de projets miniers responsables de territoire en lien avec la n\u00e9cessaire s\u00e9curisation de nos approvisionnements en mati\u00e8res premi\u00e8res min\u00e9rales critiques.\n<br><br>\nLes sujets couvrent aussi bien l\u2019exploration de ressources min\u00e9rales que le recyclage, l\u2019extraction de m\u00e9taux \/ min\u00e9raux en roche et dans les eaux de production, ou encore la valorisation de r\u00e9sidus miniers. Ils couvrent \u00e9galement des probl\u00e9matiques transverses comme le suivi environnemental, la tra\u00e7abilit\u00e9 des minerais, la communication, l\u2019engagement des parties prenantes, ou encore la formation. <br><br>\nUne des raisons d\u2019\u00eatre d\u2019aLiNA r\u00e9side dans le rapprochement de la communaut\u00e9 des acteurs du sous-sol et de la communaut\u00e9 des fili\u00e8res utilisatrices de m\u00e9taux et min\u00e9raux (batterie, H2 vert, automobile, \u00e9lectronique, a\u00e9ronautique...).\n<br><br>\nCe programme s\u2019inscrit dans une d\u00e9marche europ\u00e9enne pour profiter de l\u2019\u00e9mulation entre les diff\u00e9rents territoires europ\u00e9ens concern\u00e9s par ces probl\u00e9matiques et dans l\u2019optique d\u2019atteindre les objectifs fix\u00e9s par l\u2019UE dans le CRM Act : <br>\n+ Une extraction intra-europ\u00e9enne d\u2019au moins 10 % de la consommation annuelle de l\u2019UE<br>\n+ Une transformation intra-europ\u00e9enne d\u2019au moins 40 % de la consommation annuelle de l\u2019UE<br>\n+ Une production par recyclage (d\u00e9chets miniers inclus) d\u2019au moins 15 % de la consommation annuelle <br>\n+ une limitation de la provenance des importations \u00e0 hauteur de 65 % pour un m\u00e9tal et pour un m\u00eame pays, de sorte \u00e0 diversifier les sources d'approvisionnement\n<br><br>aLiNA vient \u00e9galement de s\u2019enrichir par la signature d\u2019un partenariat entre le p\u00f4le AVENIA et le R\u00e9seau scientifique MCS du Qu\u00e9bec \u00e0 l\u2019occasion des GEODAYS 2024.<\/p>\n<\/div>\n<!-- end Avenia - Contenu Programme -->\t\t<\/div>\n\t\t\t\t<\/div>\n\t\t\t\t<div class=\"elementor-element elementor-element-afb8e95 elementor-widget elementor-widget-ucaddon_chiffre\" data-id=\"afb8e95\" data-element_type=\"widget\" data-widget_type=\"ucaddon_chiffre.default\">\n\t\t\t\t<div class=\"elementor-widget-container\">\n\t\t\t\n<!-- start Avenia - Chiffre -->\n\n<div class=\"avenia_chiffre \" id=\"uc_chiffre_elementor_afb8e95\">\n <div class=\"chiffre_bloc\">\n    <span class=\"avenia_title--big decompte\" data-max=\"3.5\">-<\/span>\n    <span class=\"bloc-text\">Augmentation des besoins en m\u00e9taux et min\u00e9raux critiques d\u2019ici 2030 pour la transition \u00e9nerg\u00e9tique selon l\u2019AIE<\/span>\n<\/div>\n<div class=\"chiffre_bloc\">\n    <span class=\"avenia_title--big decompte\" data-max=\"3600\">-<\/span>\n    <span class=\"bloc-text\">carri\u00e8res et sites de transformation en France (source Unicem)<\/span>\n<\/div>\n<div class=\"chiffre_bloc\">\n    <span class=\"avenia_title--big decompte\" data-max=\"200\">-<\/span>\n    <span class=\"bloc-text\">carri\u00e8res de min\u00e9raux industriels en France (MI-F)<\/span>\n<\/div>\n<div class=\"chiffre_bloc\">\n    <span class=\"avenia_title--big decompte\" data-max=\"7\">-<\/span>\n    <span class=\"bloc-text\">substances de mine exploit\u00e9es (sel gemme, bauxite, \u00e9tain, niobium, tantale, or en Guyane, nickel en Nouvelle-Cal\u00e9donie)<\/span>\n<\/div>\n <\/div>\n<!-- end Avenia - Chiffre -->\t\t<\/div>\n\t\t\t\t<\/div>\n\t\t\t\t\t<\/div>\n\t\t\t\t<\/div>\n\t\t<div class=\"elementor-element elementor-element-42dd67a e-flex e-con-boxed e-con e-parent\" data-id=\"42dd67a\" data-element_type=\"container\" data-settings=\"{&quot;container_type&quot;:&quot;flex&quot;,&quot;content_width&quot;:&quot;boxed&quot;}\" data-core-v316-plus=\"true\">\n\t\t\t\t\t<div class=\"e-con-inner\">\n\t\t\t\t<div class=\"elementor-element elementor-element-1aac733 elementor-widget elementor-widget-ucaddon_avantages\" data-id=\"1aac733\" data-element_type=\"widget\" data-widget_type=\"ucaddon_avantages.default\">\n\t\t\t\t<div class=\"elementor-widget-container\">\n\t\t\t\n<!-- start Avenia - Avantages -->\n\n<div class=\"avenia_container-full\">\n  <div class=\"avenia_avantages \">\n    <h2 class=\"avenia_title--4\">Objectifs<\/h2>\n    <div class=\"avantages_container\">\n      <div class=\"container_item\">\n  <div class=\"item-image\">\n    <img decoding=\"async\" src=\"https:\/\/www.pole-avenia.com\/wp-content\/uploads\/2024\/05\/people-working-as-team-company.png\" alt=\"\">\n  <\/div>\n  <span class=\"avenia_text--category\">01<\/span>\n  <h3 class=\"avenia_title--2\">Acculturation des parties prenantes<\/h3>\n  <span class=\"contenu\">Acculturation des parties prenantes de la fili\u00e8re gr\u00e2ce \u00e0 l\u2019organisation et \u00e0 la participation d\u2019\u00e9v\u00e9nements cl\u00e9s et \u00e0 une communication cibl\u00e9e et didactique.<\/span>\n<\/div>\n<div class=\"container_item\">\n  <div class=\"item-image\">\n    <img decoding=\"async\" src=\"https:\/\/www.pole-avenia.com\/wp-content\/uploads\/2024\/05\/friends-hanging-out-with-each-other.png\" alt=\"\">\n  <\/div>\n  <span class=\"avenia_text--category\">02<\/span>\n  <h3 class=\"avenia_title--2\">Mise en place de projets collaboratifs<\/h3>\n  <span class=\"contenu\">Mise en place de projets collaboratifs pertinents et ambitieux, en s\u2019appuyant sur l\u2019expertise de nos membres. <\/span>\n<\/div>\n\n    <\/div>\n\n      <\/div>\n<\/div>\n<!-- end Avenia - Avantages -->\t\t<\/div>\n\t\t\t\t<\/div>\n\t\t\t\t\t<\/div>\n\t\t\t\t<\/div>\n\t\t<div class=\"elementor-element elementor-element-53e4b88 e-flex e-con-boxed e-con e-parent\" data-id=\"53e4b88\" data-element_type=\"container\" data-settings=\"{&quot;container_type&quot;:&quot;flex&quot;,&quot;content_width&quot;:&quot;boxed&quot;}\" data-core-v316-plus=\"true\">\n\t\t\t\t\t<div class=\"e-con-inner\">\n\t\t\t\t<div class=\"elementor-element elementor-element-32a2025 elementor-widget elementor-widget-ucaddon_avenia_rejoigner_notre_programme\" data-id=\"32a2025\" data-element_type=\"widget\" data-widget_type=\"ucaddon_avenia_rejoigner_notre_programme.default\">\n\t\t\t\t<div class=\"elementor-widget-container\">\n\t\t\t\n<!-- start Avenia - Rejoigner notre programme -->\n\n<div class=\"avenia_rejoindre\">  \n   <div class=\"rejoindre-bloc\"> \n    <div class=\"bloc-contenu\">\n      <h2 class=\"avenia_title--1\">Rejoignez notre programme<\/h2>\n    <\/div>\n    <div class=\"bloc-contenu\">\n      <p class=\"opt-80\">Programme exclusivement r\u00e9serv\u00e9 aux membres d\u2019AVENIA<\/p>\n    <\/div>\n          <div class=\"bloc-contact\">\n        \t\t<a href=\"mailto:jerome.gouin@pole-avenia.com\" class=\"avenia_button size-lg color-lightgreen\">\n          <div class=\"bt-wrap\">\n            <span class=\"top\">Contactez-nous<\/span>\n            <span class=\"bottom\">Contactez-nous<\/span>\n          <\/div>\n      \t<\/a>\n                        <div class=\"rejoindre_conseiller\">\n          <div class=\"conseiller-img\">\n            <img decoding=\"async\" src=\"https:\/\/www.pole-avenia.com\/wp-content\/uploads\/2024\/04\/image-Gouin.jpg\" alt=\"\">\n          <\/div>\n          <div class=\"conseiller-contenu\">\n            <span class=\"contenu-nom\">J\u00e9r\u00f4me <\/span>\n            <span class=\"contenu-poste\">Responsable du programme aLiNA<\/span>\n          <\/div>\n        <\/div>\n              <\/div>\n   <\/div>\n<\/div>\n<!-- end Avenia - Rejoigner notre programme -->\t\t<\/div>\n\t\t\t\t<\/div>\n\t\t\t\t\t<\/div>\n\t\t\t\t<\/div>\n\t\t<div class=\"elementor-element elementor-element-39a2c76 e-flex e-con-boxed e-con e-parent\" data-id=\"39a2c76\" data-element_type=\"container\" data-settings=\"{&quot;container_type&quot;:&quot;flex&quot;,&quot;content_width&quot;:&quot;boxed&quot;}\" data-core-v316-plus=\"true\">\n\t\t\t\t\t<div class=\"e-con-inner\">\n\t\t\t\t\t<\/div>\n\t\t\t\t<\/div>\n\t\t\t\t<\/div>\n\t\t","protected":false},"excerpt":{"rendered":"<p>aLiNA Une initiative pour des projets miniers responsables et durables Contactez-nous Contactez-nous aLiNA est un programme d\u2019AVENIA, ouvert \u00e0 tous les adh\u00e9rents int\u00e9ress\u00e9s par la th\u00e9matique des ressources min\u00e9rales, qui vise \u00e0 aider le d\u00e9veloppement de projets miniers responsables de territoire en lien avec la n\u00e9cessaire s\u00e9curisation de nos approvisionnements en mati\u00e8res premi\u00e8res min\u00e9rales critiques. [&hellip;]<\/p>\n","protected":false},"author":1,"featured_media":0,"parent":389,"menu_order":2,"comment_status":"closed","ping_status":"closed","template":"page-defaut.php","meta":{"footnotes":""},"pays":[],"types-de-partenaires":[],"acf":[],"yoast_head":"<!-- This site is optimized with the Yoast SEO plugin v22.7 - https:\/\/yoast.com\/wordpress\/plugins\/seo\/ -->\n<title>aLiNA<\/title>\n<meta name=\"robots\" content=\"index, follow, max-snippet:-1, max-image-preview:large, max-video-preview:-1\" \/>\n<link rel=\"canonical\" href=\"https:\/\/www.pole-avenia.com\/fr\/nos-programmes\/alina\/\" \/>\n<meta property=\"og:locale\" content=\"fr_FR\" \/>\n<meta property=\"og:type\" content=\"article\" \/>\n<meta property=\"og:title\" content=\"aLiNA\" \/>\n<meta property=\"og:description\" content=\"aLiNA Une initiative pour des projets miniers responsables et durables Contactez-nous Contactez-nous aLiNA est un programme d\u2019AVENIA, ouvert \u00e0 tous les adh\u00e9rents int\u00e9ress\u00e9s par la th\u00e9matique des ressources min\u00e9rales, qui vise \u00e0 aider le d\u00e9veloppement de projets miniers responsables de territoire en lien avec la n\u00e9cessaire s\u00e9curisation de nos approvisionnements en mati\u00e8res premi\u00e8res min\u00e9rales critiques. [&hellip;]\" \/>\n<meta property=\"og:url\" content=\"https:\/\/www.pole-avenia.com\/fr\/nos-programmes\/alina\/\" \/>\n<meta property=\"og:site_name\" content=\"P\u00f4le AVENIA\" \/>\n<meta property=\"article:modified_time\" content=\"2026-01-21T15:46:54+00:00\" \/>\n<meta property=\"og:image\" content=\"https:\/\/www.pole-avenia.com\/wp-content\/uploads\/2024\/05\/people-working-as-team-company.png\" \/>\n<meta name=\"twitter:card\" content=\"summary_large_image\" \/>\n<meta name=\"twitter:label1\" content=\"Est. reading time\" \/>\n\t<meta name=\"twitter:data1\" content=\"2 minutes\" \/>\n<script type=\"application\/ld+json\" class=\"yoast-schema-graph\">{\"@context\":\"https:\/\/schema.org\",\"@graph\":[{\"@type\":\"WebPage\",\"@id\":\"https:\/\/www.pole-avenia.com\/fr\/nos-programmes\/alina\/\",\"url\":\"https:\/\/www.pole-avenia.com\/fr\/nos-programmes\/alina\/\",\"name\":\"aLiNA\",\"isPartOf\":{\"@id\":\"https:\/\/www.pole-avenia.com\/fr\/#website\"},\"primaryImageOfPage\":{\"@id\":\"https:\/\/www.pole-avenia.com\/fr\/nos-programmes\/alina\/#primaryimage\"},\"image\":{\"@id\":\"https:\/\/www.pole-avenia.com\/fr\/nos-programmes\/alina\/#primaryimage\"},\"thumbnailUrl\":\"https:\/\/www.pole-avenia.com\/wp-content\/uploads\/2024\/05\/people-working-as-team-company.png\",\"datePublished\":\"2024-05-21T08:08:58+00:00\",\"dateModified\":\"2026-01-21T15:46:54+00:00\",\"breadcrumb\":{\"@id\":\"https:\/\/www.pole-avenia.com\/fr\/nos-programmes\/alina\/#breadcrumb\"},\"inLanguage\":\"fr-FR\",\"potentialAction\":[{\"@type\":\"ReadAction\",\"target\":[\"https:\/\/www.pole-avenia.com\/fr\/nos-programmes\/alina\/\"]}]},{\"@type\":\"ImageObject\",\"inLanguage\":\"fr-FR\",\"@id\":\"https:\/\/www.pole-avenia.com\/fr\/nos-programmes\/alina\/#primaryimage\",\"url\":\"https:\/\/www.pole-avenia.com\/wp-content\/uploads\/2024\/05\/people-working-as-team-company.png\",\"contentUrl\":\"https:\/\/www.pole-avenia.com\/wp-content\/uploads\/2024\/05\/people-working-as-team-company.png\"},{\"@type\":\"BreadcrumbList\",\"@id\":\"https:\/\/www.pole-avenia.com\/fr\/nos-programmes\/alina\/#breadcrumb\",\"itemListElement\":[{\"@type\":\"ListItem\",\"position\":1,\"name\":\"Home\",\"item\":\"https:\/\/www.pole-avenia.com\/fr\/\"},{\"@type\":\"ListItem\",\"position\":2,\"name\":\"Nos programmes\",\"item\":\"https:\/\/www.pole-avenia.com\/fr\/nos-programmes\/\"},{\"@type\":\"ListItem\",\"position\":3,\"name\":\"aLiNA\"}]},{\"@type\":\"WebSite\",\"@id\":\"https:\/\/www.pole-avenia.com\/fr\/#website\",\"url\":\"https:\/\/www.pole-avenia.com\/fr\/\",\"name\":\"P\u00f4le AVENIA\",\"description\":\"\",\"publisher\":{\"@id\":\"https:\/\/www.pole-avenia.com\/fr\/#organization\"},\"potentialAction\":[{\"@type\":\"SearchAction\",\"target\":{\"@type\":\"EntryPoint\",\"urlTemplate\":\"https:\/\/www.pole-avenia.com\/fr\/?s={search_term_string}\"},\"query-input\":\"required name=search_term_string\"}],\"inLanguage\":\"fr-FR\"},{\"@type\":\"Organization\",\"@id\":\"https:\/\/www.pole-avenia.com\/fr\/#organization\",\"name\":\"P\u00f4le AVENIA\",\"url\":\"https:\/\/www.pole-avenia.com\/fr\/\",\"logo\":{\"@type\":\"ImageObject\",\"inLanguage\":\"fr-FR\",\"@id\":\"https:\/\/www.pole-avenia.com\/fr\/#\/schema\/logo\/image\/\",\"url\":\"https:\/\/www.pole-avenia.com\/wp-content\/uploads\/2024\/05\/logo-avenia-icon.png\",\"contentUrl\":\"https:\/\/www.pole-avenia.com\/wp-content\/uploads\/2024\/05\/logo-avenia-icon.png\",\"width\":700,\"height\":700,\"caption\":\"P\u00f4le AVENIA\"},\"image\":{\"@id\":\"https:\/\/www.pole-avenia.com\/fr\/#\/schema\/logo\/image\/\"},\"sameAs\":[\"https:\/\/www.linkedin.com\/company\/pole-avenia\/\",\"https:\/\/www.youtube.com\/@poleavenia6865\",\"https:\/\/www.instagram.com\/poleavenia\/\"]}]}<\/script>\n<!-- \/ Yoast SEO plugin. -->","yoast_head_json":{"title":"aLiNA","robots":{"index":"index","follow":"follow","max-snippet":"max-snippet:-1","max-image-preview":"max-image-preview:large","max-video-preview":"max-video-preview:-1"},"canonical":"https:\/\/www.pole-avenia.com\/fr\/nos-programmes\/alina\/","og_locale":"fr_FR","og_type":"article","og_title":"aLiNA","og_description":"aLiNA Une initiative pour des projets miniers responsables et durables Contactez-nous Contactez-nous aLiNA est un programme d\u2019AVENIA, ouvert \u00e0 tous les adh\u00e9rents int\u00e9ress\u00e9s par la th\u00e9matique des ressources min\u00e9rales, qui vise \u00e0 aider le d\u00e9veloppement de projets miniers responsables de territoire en lien avec la n\u00e9cessaire s\u00e9curisation de nos approvisionnements en mati\u00e8res premi\u00e8res min\u00e9rales critiques. [&hellip;]","og_url":"https:\/\/www.pole-avenia.com\/fr\/nos-programmes\/alina\/","og_site_name":"P\u00f4le AVENIA","article_modified_time":"2026-01-21T15:46:54+00:00","og_image":[{"url":"https:\/\/www.pole-avenia.com\/wp-content\/uploads\/2024\/05\/people-working-as-team-company.png"}],"twitter_card":"summary_large_image","twitter_misc":{"Est. reading time":"2 minutes"},"schema":{"@context":"https:\/\/schema.org","@graph":[{"@type":"WebPage","@id":"https:\/\/www.pole-avenia.com\/fr\/nos-programmes\/alina\/","url":"https:\/\/www.pole-avenia.com\/fr\/nos-programmes\/alina\/","name":"aLiNA","isPartOf":{"@id":"https:\/\/www.pole-avenia.com\/fr\/#website"},"primaryImageOfPage":{"@id":"https:\/\/www.pole-avenia.com\/fr\/nos-programmes\/alina\/#primaryimage"},"image":{"@id":"https:\/\/www.pole-avenia.com\/fr\/nos-programmes\/alina\/#primaryimage"},"thumbnailUrl":"https:\/\/www.pole-avenia.com\/wp-content\/uploads\/2024\/05\/people-working-as-team-company.png","datePublished":"2024-05-21T08:08:58+00:00","dateModified":"2026-01-21T15:46:54+00:00","breadcrumb":{"@id":"https:\/\/www.pole-avenia.com\/fr\/nos-programmes\/alina\/#breadcrumb"},"inLanguage":"fr-FR","potentialAction":[{"@type":"ReadAction","target":["https:\/\/www.pole-avenia.com\/fr\/nos-programmes\/alina\/"]}]},{"@type":"ImageObject","inLanguage":"fr-FR","@id":"https:\/\/www.pole-avenia.com\/fr\/nos-programmes\/alina\/#primaryimage","url":"https:\/\/www.pole-avenia.com\/wp-content\/uploads\/2024\/05\/people-working-as-team-company.png","contentUrl":"https:\/\/www.pole-avenia.com\/wp-content\/uploads\/2024\/05\/people-working-as-team-company.png"},{"@type":"BreadcrumbList","@id":"https:\/\/www.pole-avenia.com\/fr\/nos-programmes\/alina\/#breadcrumb","itemListElement":[{"@type":"ListItem","position":1,"name":"Home","item":"https:\/\/www.pole-avenia.com\/fr\/"},{"@type":"ListItem","position":2,"name":"Nos programmes","item":"https:\/\/www.pole-avenia.com\/fr\/nos-programmes\/"},{"@type":"ListItem","position":3,"name":"aLiNA"}]},{"@type":"WebSite","@id":"https:\/\/www.pole-avenia.com\/fr\/#website","url":"https:\/\/www.pole-avenia.com\/fr\/","name":"P\u00f4le AVENIA","description":"","publisher":{"@id":"https:\/\/www.pole-avenia.com\/fr\/#organization"},"potentialAction":[{"@type":"SearchAction","target":{"@type":"EntryPoint","urlTemplate":"https:\/\/www.pole-avenia.com\/fr\/?s={search_term_string}"},"query-input":"required name=search_term_string"}],"inLanguage":"fr-FR"},{"@type":"Organization","@id":"https:\/\/www.pole-avenia.com\/fr\/#organization","name":"P\u00f4le AVENIA","url":"https:\/\/www.pole-avenia.com\/fr\/","logo":{"@type":"ImageObject","inLanguage":"fr-FR","@id":"https:\/\/www.pole-avenia.com\/fr\/#\/schema\/logo\/image\/","url":"https:\/\/www.pole-avenia.com\/wp-content\/uploads\/2024\/05\/logo-avenia-icon.png","contentUrl":"https:\/\/www.pole-avenia.com\/wp-content\/uploads\/2024\/05\/logo-avenia-icon.png","width":700,"height":700,"caption":"P\u00f4le AVENIA"},"image":{"@id":"https:\/\/www.pole-avenia.com\/fr\/#\/schema\/logo\/image\/"},"sameAs":["https:\/\/www.linkedin.com\/company\/pole-avenia\/","https:\/\/www.youtube.com\/@poleavenia6865","https:\/\/www.instagram.com\/poleavenia\/"]}]}},"_links":{"self":[{"href":"https:\/\/www.pole-avenia.com\/fr\/wp-json\/wp\/v2\/pages\/2247"}],"collection":[{"href":"https:\/\/www.pole-avenia.com\/fr\/wp-json\/wp\/v2\/pages"}],"about":[{"href":"https:\/\/www.pole-avenia.com\/fr\/wp-json\/wp\/v2\/types\/page"}],"author":[{"embeddable":true,"href":"https:\/\/www.pole-avenia.com\/fr\/wp-json\/wp\/v2\/users\/1"}],"replies":[{"embeddable":true,"href":"https:\/\/www.pole-avenia.com\/fr\/wp-json\/wp\/v2\/comments?post=2247"}],"version-history":[{"count":38,"href":"https:\/\/www.pole-avenia.com\/fr\/wp-json\/wp\/v2\/pages\/2247\/revisions"}],"predecessor-version":[{"id":3671,"href":"https:\/\/www.pole-avenia.com\/fr\/wp-json\/wp\/v2\/pages\/2247\/revisions\/3671"}],"up":[{"embeddable":true,"href":"https:\/\/www.pole-avenia.com\/fr\/wp-json\/wp\/v2\/pages\/389"}],"wp:attachment":[{"href":"https:\/\/www.pole-avenia.com\/fr\/wp-json\/wp\/v2\/media?parent=2247"}],"wp:term":[{"taxonomy":"pays","embeddable":true,"href":"https:\/\/www.pole-avenia.com\/fr\/wp-json\/wp\/v2\/pays?post=2247"},{"taxonomy":"types-de-partenaires","embeddable":true,"href":"https:\/\/www.pole-avenia.com\/fr\/wp-json\/wp\/v2\/types-de-partenaires?post=2247"}],"curies":[{"name":"wp","href":"https:\/\/api.w.org\/{rel}","templated":true}]}}