{"id":301,"date":"2024-04-17T17:42:57","date_gmt":"2024-04-17T15:42:57","guid":{"rendered":"https:\/\/www.pole-avenia.com\/\/?page_id=301"},"modified":"2024-10-14T14:45:02","modified_gmt":"2024-10-14T12:45:02","slug":"projets-europeens","status":"publish","type":"page","link":"https:\/\/www.pole-avenia.com\/fr\/les-projets\/projets-europeens\/","title":{"rendered":"Projets europ\u00e9ens"},"content":{"rendered":"\t\t<div data-elementor-type=\"wp-page\" data-elementor-id=\"301\" class=\"elementor elementor-301\">\n\t\t\t\t<div class=\"elementor-element elementor-element-833f2fe e-flex e-con-boxed e-con e-parent\" data-id=\"833f2fe\" data-element_type=\"container\" data-settings=\"{&quot;container_type&quot;:&quot;flex&quot;,&quot;content_width&quot;:&quot;boxed&quot;}\" data-core-v316-plus=\"true\">\n\t\t\t\t\t<div class=\"e-con-inner\">\n\t\t\t\t<div class=\"elementor-element elementor-element-aaa16af elementor-widget elementor-widget-ucaddon_avenia_hero\" data-id=\"aaa16af\" data-element_type=\"widget\" data-widget_type=\"ucaddon_avenia_hero.default\">\n\t\t\t\t<div class=\"elementor-widget-container\">\n\t\t\t\n<!-- start Avenia - Hero -->\n\t\t<link id='fancybox-css' href='https:\/\/www.pole-avenia.com\/wp-content\/plugins\/unlimited-elements-for-elementor-premium\/assets_libraries\/fancybox3\/jquery.fancybox.min.css' type='text\/css' rel='stylesheet' >\n\n\n<div class=\"avenia_hero-global \">\n  <div class=\"item-list\">\n    <div class=\"item-contenu\">\n      <span class=\"avenia_text--category\">les projets<\/span>\n      <h1 class=\"avenia_title--1\">Projets europ\u00e9ens<\/h1>\n      <span class=\"avenia_title--4\"><p>Pour AVENIA, participer \u00e0 des projets europ\u00e9ens, constitue un \u00e9l\u00e9ment essentiel de sa feuille de route, en tant que p\u00f4le de comp\u00e9titivit\u00e9. Ces projets consistent en des actions de coordination et de soutien visant \u00e0 stimuler l\u2019innovation collaborative dans les domaines d\u2019activit\u00e9 li\u00e9s aux industries du sous-sol.<\/p><\/span>\n      \n            <div class=\"item_align\">\n                <a href=\"\/fr\/osez-linnovation-contactez-avenia\/\" class=\"avenia_button size-lg color-lightgreen\">\n          <div class=\"bt-wrap\">\n            <span class=\"top\">Contactez-nous<\/span>\n            <span class=\"bottom\">Contactez-nous<\/span>\n          <\/div>\n        <\/a>\n                        <div class=\"slide_testimonial\">\n          <div class=\"testimonial-img\">\n            <img decoding=\"async\" src=\"https:\/\/www.pole-avenia.com\/wp-content\/uploads\/2024\/04\/image-femme-1.jpg\" alt=\"Informations du contact : Emmanuelle Robins\">\n          <\/div>\n          <div class=\"testimonial-contenu\">\n            <span class=\"contenu-nom\">Emmanuelle Robins<\/span>\n            <span class=\"contenu-poste\">Responsable projets Europe et International<\/span>\n          <\/div>\n        <\/div>\n              <\/div>\n          <\/div>\n    <div class=\"item-image \">\n                <img decoding=\"async\" src=\"https:\/\/www.pole-avenia.com\/wp-content\/uploads\/2024\/04\/image-europeen-800x533.jpg\" alt=\"\"\/>\n            <\/div>\n  <\/div>\n<\/div>\n<!-- end Avenia - Hero -->\t\t<\/div>\n\t\t\t\t<\/div>\n\t\t\t\t\t<\/div>\n\t\t\t\t<\/div>\n\t\t<div class=\"elementor-element elementor-element-6199d2b e-con-full avenia_projets_europeens e-flex e-con e-parent\" data-id=\"6199d2b\" data-element_type=\"container\" data-settings=\"{&quot;content_width&quot;:&quot;full&quot;,&quot;container_type&quot;:&quot;flex&quot;}\" data-core-v316-plus=\"true\">\n\t\t\t\t<div class=\"elementor-element elementor-element-2b0b169 elementor-widget elementor-widget-ucaddon_avenia_list_europe\" data-id=\"2b0b169\" data-element_type=\"widget\" data-widget_type=\"ucaddon_avenia_list_europe.default\">\n\t\t\t\t<div class=\"elementor-widget-container\">\n\t\t\t\n<!-- start Avenia Liste Projets Europ\u00e9ens -->\n\n<div class=\"europeens-contenu\">\n  <h2 class=\"avenia_title--3\">D\u00e9couvrez les projets europ\u00e9ens dans lesquels AVENIA est actuellement impliqu\u00e9<\/h2>\n  <div class=\"list-contenu\">\n    <div class=\"contenu\">\n      <img decoding=\"async\" class=\"logo\" src=\"https:\/\/www.pole-avenia.com\/wp-content\/uploads\/2024\/07\/widexnb.png\">\n      <h3 class=\"avenia_title--4\">WIDEX<\/h3>\n      <p class=\"avenia_text--small display-bl text-grey600\">Transfert de connaissances pour \u00e9largir l\u2019excellence de l\u2019UE en mati\u00e8re de technologies avanc\u00e9es, durabilit\u00e9 et gestion de la recherche, sur la th\u00e9matique des ressources min\u00e9rales (m\u00e9taux, min\u00e9raux, mat\u00e9riaux) critiques et strat\u00e9giques. <br\/>\n<br\/>\nP\u00e9riode : 01\/06\/2024-31\/05\/2027<br\/>\n<br\/>\nNum\u00e9ro de Grant Agreement : 101159826\n<br\/>\n<\/p>\n      <a href=\"https:\/\/widexproject.eu\/\" class=\"display-bl fw-600\">https:\/\/widexproject.eu\/<\/a>\n      <span class=\"display-bl fw-600\">Guichet de financement : Horizon Europe<br\/>\nR\u00f4le AVENIA : partenaire<\/span>\n    <\/div>\n<div class=\"contenu\">\n      <img decoding=\"async\" class=\"logo\" src=\"https:\/\/www.pole-avenia.com\/wp-content\/uploads\/2024\/07\/pilot.png\">\n      <h3 class=\"avenia_title--4\">PilotSTRATEGY<\/h3>\n      <p class=\"avenia_text--small display-bl text-grey600\">AVENIA est partenaire du projet de recherche PilotSTRATEGY dont le but est de caract\u00e9riser des sites de stockage g\u00e9ologique de CO2 dans des r\u00e9gions industrielles du sud et de l'est de l'Europe pour soutenir le d\u00e9veloppement du captage et du stockage du carbone \u00e0 grande \u00e9chelle (CCS).\nLes recherches se concentrent sur des aquif\u00e8res salins profonds dans le bassin de Paris en France, le bassin Lusitanien au Portugal et le bassin de l'\u00c8bre en Espagne. Des \u00e9tudes sont \u00e9galement men\u00e9es dans l'ouest de la Mac\u00e9doine en Gr\u00e8ce et en Haute-Sil\u00e9sie en Pologne.<br\/>\n<br\/>P\u00e9riode : 01\/05\/2021-30\/04\/2026\n<br\/> \n<br\/>\nNum\u00e9ro de Grant Agreement : 101022664<\/p>\n      <a href=\"https:\/\/pilotstrategy.eu\/\" class=\"display-bl fw-600\">www.pilotstrategy.eu<\/a>\n      <span class=\"display-bl fw-600\">Guichet de financement : Horizon 2020<br\/>\nR\u00f4le AVENIA : partenaire<\/span>\n    <\/div>\n<div class=\"contenu\">\n      <img decoding=\"async\" class=\"logo\" src=\"https:\/\/www.pole-avenia.com\/wp-content\/uploads\/2024\/07\/ciran.png\">\n      <h3 class=\"avenia_title--4\">CIRAN<\/h3>\n      <p class=\"avenia_text--small display-bl text-grey600\">CIRAN est un projet europ\u00e9en visant \u00e0 promouvoir le d\u00e9veloppement durable gr\u00e2ce \u00e0 une nouvelle approche en mati\u00e8re d'approvisionnement en mati\u00e8res premi\u00e8res critiques dans les zones prot\u00e9g\u00e9es. Ces ressources ont \u00e9t\u00e9 identifi\u00e9es par l'Union Europ\u00e9enne comme cruciales pour le d\u00e9veloppement industriel et la mise en \u0153uvre des technologies propres.<\/p>\n      <a href=\"http:\/\/www.ciranproject.eu\" class=\"display-bl fw-600\">www.ciranproject.eu<\/a>\n      <span class=\"display-bl fw-600\">Guichet de financement : Financ\u00e9 par l'Union Europ\u00e9enne <br\/>\nR\u00f4le AVENIA : membre du groupe d'experts<\/span>\n    <\/div>\n<div class=\"contenu\">\n      <img decoding=\"async\" class=\"logo\" src=\"https:\/\/www.pole-avenia.com\/wp-content\/uploads\/2024\/05\/image-48.png\">\n      <h3 class=\"avenia_title--4\">CRM-geothermal<\/h3>\n      <p class=\"avenia_text--small display-bl text-grey600\">Le projet a pour objectif de d\u00e9velopper une solution technologique innovante combinant l'extraction de mati\u00e8res premi\u00e8res critiques et d'\u00e9nergie \u00e0 partir de fluides g\u00e9othermiques afin de r\u00e9duire la d\u00e9pendance de l'Union europ\u00e9enne aux ressources import\u00e9es, soutenant ainsi le Pacte vert pour l'Europe.<\/p>\n      <a href=\"https:\/\/crm-geothermal.eu\/\" class=\"display-bl fw-600\">www.crm-geothermal.eu<\/a>\n      <span class=\"display-bl fw-600\">Guichet de financement : Financ\u00e9 par l'Union Europ\u00e9enne<br\/>\nR\u00f4le AVENIA : membre du comit\u00e9 des parties prenantes<\/span>\n    <\/div>\n<div class=\"contenu\">\n      <img decoding=\"async\" class=\"logo\" src=\"https:\/\/www.pole-avenia.com\/wp-content\/uploads\/2024\/05\/Logo-Maditrace.png\">\n      <h3 class=\"avenia_title--4\">MaDiTraCe<\/h3>\n      <p class=\"avenia_text--small display-bl text-grey600\">MADITRACE est un projet europ\u00e9en coordonn\u00e9 par le BRGM (Bureau de Recherches G\u00e9ologiques et Mini\u00e8res) qui vise \u00e0 renforcer la transparence, la tra\u00e7abilit\u00e9 et la durabilit\u00e9 des cha\u00eenes d'approvisionnement complexes en mati\u00e8res premi\u00e8res critiques telles que le cobalt, le lithium, le graphite ou les terres rares. Il vise \u00e0 d\u00e9velopper et int\u00e9grer des solutions technologiques de tra\u00e7abilit\u00e9 et de certification dans un Passeport Num\u00e9rique du Produit. Ces solutions permettront aux principaux acteurs industriels de prouver la fiabilit\u00e9 de leurs affirmations en mati\u00e8re de durabilit\u00e9, de se conformer \u00e0 la r\u00e9glementation actuelle et d'anticiper les politiques futures.<\/p>\n      <a href=\"https:\/\/www.maditrace.eu\/\" class=\"display-bl fw-600\">www.maditrace.eu<\/a>\n      <span class=\"display-bl fw-600\">Guichet de financement : Financ\u00e9 par l'Union Europ\u00e9enne<br\/>\nR\u00f4le AVENIA : membre du comit\u00e9 d'experts<\/span>\n    <\/div>\n<div class=\"contenu\">\n      <img decoding=\"async\" class=\"logo\" src=\"https:\/\/www.pole-avenia.com\/wp-content\/uploads\/2024\/09\/BATMASS.png\">\n      <h3 class=\"avenia_title--4\">BATMASS <\/h3>\n      <p class=\"avenia_text--small display-bl text-grey600\">BATMASS vise \u00e0 mettre en \u0153uvre la premi\u00e8re \"Circular Battery Valley\" de l'UE. Il propose un portefeuille d'investissements inter-r\u00e9gionaux dans des innovations TRL6+ en technologies circulaires pour les mat\u00e9riaux de batteries. <\/p>\n      <a href=\"https:\/\/batmass.corporaciontecnologica.com\/\" class=\"display-bl fw-600\">https:\/\/batmass.corporaciontecnologica.com\/<\/a>\n      <span class=\"display-bl fw-600\">Guichet de financement : Co-financ\u00e9 par l'Union europ\u00e9enne\n<br>\nR\u00f4le AVENIA : membre du groupe d'experts<\/span>\n    <\/div>\n\n  <\/div>\n<\/div>\n<!-- end Avenia Liste Projets Europ\u00e9ens -->\t\t<\/div>\n\t\t\t\t<\/div>\n\t\t\t\t<div class=\"elementor-element elementor-element-f528b4b elementor-widget elementor-widget-ucaddon_avenia_list_europe\" data-id=\"f528b4b\" data-element_type=\"widget\" data-widget_type=\"ucaddon_avenia_list_europe.default\">\n\t\t\t\t<div class=\"elementor-widget-container\">\n\t\t\t\n<!-- start Avenia Liste Projets Europ\u00e9ens -->\n\n<div class=\"europeens-contenu\">\n  <h2 class=\"avenia_title--3\">D\u00e9couvrez les projets europ\u00e9ens dans lesquels AVENIA a \u00e9t\u00e9 impliqu\u00e9<\/h2>\n  <div class=\"list-contenu\">\n    <div class=\"contenu\">\n      <img decoding=\"async\" class=\"logo\" src=\"https:\/\/www.pole-avenia.com\/wp-content\/uploads\/2024\/05\/Logo-Pixil.png\">\n      <h3 class=\"avenia_title--4\">PIXIL<\/h3>\n      <p class=\"avenia_text--small display-bl text-grey600\">Le projet PIXIL visait la collaboration scientifico-technologique trans-frontali\u00e8re (France-Espagne-Andorre) et multidisciplinaire, avec pour objectif de d\u00e9velopper des outils de pointe pour analyser le sous-sol terrestre, et tout particuli\u00e8rement pour promouvoir l\u2019\u00e9nergie g\u00e9othermique dans la r\u00e9gion.\nPIXIL \u00e9tait clairement orient\u00e9 vers la recherche en imagerie g\u00e9ophysique moderne.<\/p>\n      <a href=\"https:\/\/pixil-project.eu\/fr\" class=\"display-bl fw-600\">www.pixil-project.eu<\/a>\n      <span class=\"display-bl fw-600\">Guichet de financement : Poctefa<br\/>\nR\u00f4le AVENIA : partenaire<\/span>\n    <\/div>\n<div class=\"contenu\">\n      <img decoding=\"async\" class=\"logo\" src=\"https:\/\/www.pole-avenia.com\/wp-content\/uploads\/2024\/05\/image-45.png\">\n      <h3 class=\"avenia_title--4\">GEO-ENERGY EUROPE 1&2<\/h3>\n      <p class=\"avenia_text--small display-bl text-grey600\">\nL\u2019objectif du projet \u00e9tait de construire un metacluster pour r\u00e9unir le savoir-faire europ\u00e9en, les technologies et l'exp\u00e9rience en g\u00e9o\u00e9nergie, en mettant l'accent sur l'offre des PME et en se concentrant sur l'\u00e9nergie g\u00e9othermique profonde. Avec plus de 600 membres, dont plus de 300 PME, issus de 23 pays de l'UE, GEO-ENERGY EUROPE couvre l'ensemble de la cha\u00eene de valeur de la g\u00e9othermie profonde.<\/p>\n      <a href=\"https:\/\/www.geoenergyeurope.com\/about\" class=\"display-bl fw-600\">www.geoenergyeurope.com<\/a>\n      <span class=\"display-bl fw-600\">Guichet de financement : COSME<br\/>\nR\u00f4le AVENIA : coordinateur (GEE1) puis partenaire (GEE2)<\/span>\n    <\/div>\n\n  <\/div>\n<\/div>\n<!-- end Avenia Liste Projets Europ\u00e9ens -->\t\t<\/div>\n\t\t\t\t<\/div>\n\t\t\t\t<\/div>\n\t\t\t\t<\/div>\n\t\t","protected":false},"excerpt":{"rendered":"<p>les projets Projets europ\u00e9ens Pour AVENIA, participer \u00e0 des projets europ\u00e9ens, constitue un \u00e9l\u00e9ment essentiel de sa feuille de route, en tant que p\u00f4le de comp\u00e9titivit\u00e9. Ces projets consistent en des actions de coordination et de soutien visant \u00e0 stimuler l\u2019innovation collaborative dans les domaines d\u2019activit\u00e9 li\u00e9s aux industries du sous-sol. Contactez-nous Contactez-nous Emmanuelle Robins [&hellip;]<\/p>\n","protected":false},"author":1,"featured_media":0,"parent":444,"menu_order":0,"comment_status":"closed","ping_status":"closed","template":"page-defaut.php","meta":{"footnotes":""},"pays":[],"types-de-partenaires":[],"acf":[],"yoast_head":"<!-- This site is optimized with the Yoast SEO plugin v22.7 - https:\/\/yoast.com\/wordpress\/plugins\/seo\/ -->\n<title>Projets europ\u00e9ens<\/title>\n<meta name=\"robots\" content=\"index, follow, max-snippet:-1, max-image-preview:large, max-video-preview:-1\" \/>\n<link rel=\"canonical\" href=\"https:\/\/www.pole-avenia.com\/fr\/les-projets\/projets-europeens\/\" \/>\n<meta property=\"og:locale\" content=\"fr_FR\" \/>\n<meta property=\"og:type\" content=\"article\" \/>\n<meta property=\"og:title\" content=\"Projets europ\u00e9ens\" \/>\n<meta property=\"og:description\" content=\"les projets Projets europ\u00e9ens Pour AVENIA, participer \u00e0 des projets europ\u00e9ens, constitue un \u00e9l\u00e9ment essentiel de sa feuille de route, en tant que p\u00f4le de comp\u00e9titivit\u00e9. Ces projets consistent en des actions de coordination et de soutien visant \u00e0 stimuler l\u2019innovation collaborative dans les domaines d\u2019activit\u00e9 li\u00e9s aux industries du sous-sol. Contactez-nous Contactez-nous Emmanuelle Robins [&hellip;]\" \/>\n<meta property=\"og:url\" content=\"https:\/\/www.pole-avenia.com\/fr\/les-projets\/projets-europeens\/\" \/>\n<meta property=\"og:site_name\" content=\"P\u00f4le AVENIA\" \/>\n<meta property=\"article:modified_time\" content=\"2024-10-14T12:45:02+00:00\" \/>\n<meta property=\"og:image\" content=\"https:\/\/www.pole-avenia.com\/wp-content\/uploads\/2024\/04\/image-femme-1.jpg\" \/>\n<meta name=\"twitter:card\" content=\"summary_large_image\" \/>\n<meta name=\"twitter:label1\" content=\"Est. reading time\" \/>\n\t<meta name=\"twitter:data1\" content=\"4 minutes\" \/>\n<script type=\"application\/ld+json\" class=\"yoast-schema-graph\">{\"@context\":\"https:\/\/schema.org\",\"@graph\":[{\"@type\":\"WebPage\",\"@id\":\"https:\/\/www.pole-avenia.com\/fr\/les-projets\/projets-europeens\/\",\"url\":\"https:\/\/www.pole-avenia.com\/fr\/les-projets\/projets-europeens\/\",\"name\":\"Projets europ\u00e9ens\",\"isPartOf\":{\"@id\":\"https:\/\/www.pole-avenia.com\/fr\/#website\"},\"primaryImageOfPage\":{\"@id\":\"https:\/\/www.pole-avenia.com\/fr\/les-projets\/projets-europeens\/#primaryimage\"},\"image\":{\"@id\":\"https:\/\/www.pole-avenia.com\/fr\/les-projets\/projets-europeens\/#primaryimage\"},\"thumbnailUrl\":\"https:\/\/www.pole-avenia.com\/wp-content\/uploads\/2024\/04\/image-femme-1.jpg\",\"datePublished\":\"2024-04-17T15:42:57+00:00\",\"dateModified\":\"2024-10-14T12:45:02+00:00\",\"breadcrumb\":{\"@id\":\"https:\/\/www.pole-avenia.com\/fr\/les-projets\/projets-europeens\/#breadcrumb\"},\"inLanguage\":\"fr-FR\",\"potentialAction\":[{\"@type\":\"ReadAction\",\"target\":[\"https:\/\/www.pole-avenia.com\/fr\/les-projets\/projets-europeens\/\"]}]},{\"@type\":\"ImageObject\",\"inLanguage\":\"fr-FR\",\"@id\":\"https:\/\/www.pole-avenia.com\/fr\/les-projets\/projets-europeens\/#primaryimage\",\"url\":\"https:\/\/www.pole-avenia.com\/wp-content\/uploads\/2024\/04\/image-femme-1.jpg\",\"contentUrl\":\"https:\/\/www.pole-avenia.com\/wp-content\/uploads\/2024\/04\/image-femme-1.jpg\"},{\"@type\":\"BreadcrumbList\",\"@id\":\"https:\/\/www.pole-avenia.com\/fr\/les-projets\/projets-europeens\/#breadcrumb\",\"itemListElement\":[{\"@type\":\"ListItem\",\"position\":1,\"name\":\"Home\",\"item\":\"https:\/\/www.pole-avenia.com\/fr\/\"},{\"@type\":\"ListItem\",\"position\":2,\"name\":\"Les projets\",\"item\":\"https:\/\/www.pole-avenia.com\/fr\/les-projets\/\"},{\"@type\":\"ListItem\",\"position\":3,\"name\":\"Projets europ\u00e9ens\"}]},{\"@type\":\"WebSite\",\"@id\":\"https:\/\/www.pole-avenia.com\/fr\/#website\",\"url\":\"https:\/\/www.pole-avenia.com\/fr\/\",\"name\":\"P\u00f4le AVENIA\",\"description\":\"\",\"publisher\":{\"@id\":\"https:\/\/www.pole-avenia.com\/fr\/#organization\"},\"potentialAction\":[{\"@type\":\"SearchAction\",\"target\":{\"@type\":\"EntryPoint\",\"urlTemplate\":\"https:\/\/www.pole-avenia.com\/fr\/?s={search_term_string}\"},\"query-input\":\"required name=search_term_string\"}],\"inLanguage\":\"fr-FR\"},{\"@type\":\"Organization\",\"@id\":\"https:\/\/www.pole-avenia.com\/fr\/#organization\",\"name\":\"P\u00f4le AVENIA\",\"url\":\"https:\/\/www.pole-avenia.com\/fr\/\",\"logo\":{\"@type\":\"ImageObject\",\"inLanguage\":\"fr-FR\",\"@id\":\"https:\/\/www.pole-avenia.com\/fr\/#\/schema\/logo\/image\/\",\"url\":\"https:\/\/www.pole-avenia.com\/wp-content\/uploads\/2024\/05\/logo-avenia-icon.png\",\"contentUrl\":\"https:\/\/www.pole-avenia.com\/wp-content\/uploads\/2024\/05\/logo-avenia-icon.png\",\"width\":700,\"height\":700,\"caption\":\"P\u00f4le AVENIA\"},\"image\":{\"@id\":\"https:\/\/www.pole-avenia.com\/fr\/#\/schema\/logo\/image\/\"},\"sameAs\":[\"https:\/\/www.linkedin.com\/company\/pole-avenia\/\",\"https:\/\/www.youtube.com\/@poleavenia6865\",\"https:\/\/www.instagram.com\/poleavenia\/\"]}]}<\/script>\n<!-- \/ Yoast SEO plugin. -->","yoast_head_json":{"title":"Projets europ\u00e9ens","robots":{"index":"index","follow":"follow","max-snippet":"max-snippet:-1","max-image-preview":"max-image-preview:large","max-video-preview":"max-video-preview:-1"},"canonical":"https:\/\/www.pole-avenia.com\/fr\/les-projets\/projets-europeens\/","og_locale":"fr_FR","og_type":"article","og_title":"Projets europ\u00e9ens","og_description":"les projets Projets europ\u00e9ens Pour AVENIA, participer \u00e0 des projets europ\u00e9ens, constitue un \u00e9l\u00e9ment essentiel de sa feuille de route, en tant que p\u00f4le de comp\u00e9titivit\u00e9. Ces projets consistent en des actions de coordination et de soutien visant \u00e0 stimuler l\u2019innovation collaborative dans les domaines d\u2019activit\u00e9 li\u00e9s aux industries du sous-sol. Contactez-nous Contactez-nous Emmanuelle Robins [&hellip;]","og_url":"https:\/\/www.pole-avenia.com\/fr\/les-projets\/projets-europeens\/","og_site_name":"P\u00f4le AVENIA","article_modified_time":"2024-10-14T12:45:02+00:00","og_image":[{"url":"https:\/\/www.pole-avenia.com\/wp-content\/uploads\/2024\/04\/image-femme-1.jpg"}],"twitter_card":"summary_large_image","twitter_misc":{"Est. reading time":"4 minutes"},"schema":{"@context":"https:\/\/schema.org","@graph":[{"@type":"WebPage","@id":"https:\/\/www.pole-avenia.com\/fr\/les-projets\/projets-europeens\/","url":"https:\/\/www.pole-avenia.com\/fr\/les-projets\/projets-europeens\/","name":"Projets europ\u00e9ens","isPartOf":{"@id":"https:\/\/www.pole-avenia.com\/fr\/#website"},"primaryImageOfPage":{"@id":"https:\/\/www.pole-avenia.com\/fr\/les-projets\/projets-europeens\/#primaryimage"},"image":{"@id":"https:\/\/www.pole-avenia.com\/fr\/les-projets\/projets-europeens\/#primaryimage"},"thumbnailUrl":"https:\/\/www.pole-avenia.com\/wp-content\/uploads\/2024\/04\/image-femme-1.jpg","datePublished":"2024-04-17T15:42:57+00:00","dateModified":"2024-10-14T12:45:02+00:00","breadcrumb":{"@id":"https:\/\/www.pole-avenia.com\/fr\/les-projets\/projets-europeens\/#breadcrumb"},"inLanguage":"fr-FR","potentialAction":[{"@type":"ReadAction","target":["https:\/\/www.pole-avenia.com\/fr\/les-projets\/projets-europeens\/"]}]},{"@type":"ImageObject","inLanguage":"fr-FR","@id":"https:\/\/www.pole-avenia.com\/fr\/les-projets\/projets-europeens\/#primaryimage","url":"https:\/\/www.pole-avenia.com\/wp-content\/uploads\/2024\/04\/image-femme-1.jpg","contentUrl":"https:\/\/www.pole-avenia.com\/wp-content\/uploads\/2024\/04\/image-femme-1.jpg"},{"@type":"BreadcrumbList","@id":"https:\/\/www.pole-avenia.com\/fr\/les-projets\/projets-europeens\/#breadcrumb","itemListElement":[{"@type":"ListItem","position":1,"name":"Home","item":"https:\/\/www.pole-avenia.com\/fr\/"},{"@type":"ListItem","position":2,"name":"Les projets","item":"https:\/\/www.pole-avenia.com\/fr\/les-projets\/"},{"@type":"ListItem","position":3,"name":"Projets europ\u00e9ens"}]},{"@type":"WebSite","@id":"https:\/\/www.pole-avenia.com\/fr\/#website","url":"https:\/\/www.pole-avenia.com\/fr\/","name":"P\u00f4le AVENIA","description":"","publisher":{"@id":"https:\/\/www.pole-avenia.com\/fr\/#organization"},"potentialAction":[{"@type":"SearchAction","target":{"@type":"EntryPoint","urlTemplate":"https:\/\/www.pole-avenia.com\/fr\/?s={search_term_string}"},"query-input":"required name=search_term_string"}],"inLanguage":"fr-FR"},{"@type":"Organization","@id":"https:\/\/www.pole-avenia.com\/fr\/#organization","name":"P\u00f4le AVENIA","url":"https:\/\/www.pole-avenia.com\/fr\/","logo":{"@type":"ImageObject","inLanguage":"fr-FR","@id":"https:\/\/www.pole-avenia.com\/fr\/#\/schema\/logo\/image\/","url":"https:\/\/www.pole-avenia.com\/wp-content\/uploads\/2024\/05\/logo-avenia-icon.png","contentUrl":"https:\/\/www.pole-avenia.com\/wp-content\/uploads\/2024\/05\/logo-avenia-icon.png","width":700,"height":700,"caption":"P\u00f4le AVENIA"},"image":{"@id":"https:\/\/www.pole-avenia.com\/fr\/#\/schema\/logo\/image\/"},"sameAs":["https:\/\/www.linkedin.com\/company\/pole-avenia\/","https:\/\/www.youtube.com\/@poleavenia6865","https:\/\/www.instagram.com\/poleavenia\/"]}]}},"_links":{"self":[{"href":"https:\/\/www.pole-avenia.com\/fr\/wp-json\/wp\/v2\/pages\/301"}],"collection":[{"href":"https:\/\/www.pole-avenia.com\/fr\/wp-json\/wp\/v2\/pages"}],"about":[{"href":"https:\/\/www.pole-avenia.com\/fr\/wp-json\/wp\/v2\/types\/page"}],"author":[{"embeddable":true,"href":"https:\/\/www.pole-avenia.com\/fr\/wp-json\/wp\/v2\/users\/1"}],"replies":[{"embeddable":true,"href":"https:\/\/www.pole-avenia.com\/fr\/wp-json\/wp\/v2\/comments?post=301"}],"version-history":[{"count":110,"href":"https:\/\/www.pole-avenia.com\/fr\/wp-json\/wp\/v2\/pages\/301\/revisions"}],"predecessor-version":[{"id":2830,"href":"https:\/\/www.pole-avenia.com\/fr\/wp-json\/wp\/v2\/pages\/301\/revisions\/2830"}],"up":[{"embeddable":true,"href":"https:\/\/www.pole-avenia.com\/fr\/wp-json\/wp\/v2\/pages\/444"}],"wp:attachment":[{"href":"https:\/\/www.pole-avenia.com\/fr\/wp-json\/wp\/v2\/media?parent=301"}],"wp:term":[{"taxonomy":"pays","embeddable":true,"href":"https:\/\/www.pole-avenia.com\/fr\/wp-json\/wp\/v2\/pays?post=301"},{"taxonomy":"types-de-partenaires","embeddable":true,"href":"https:\/\/www.pole-avenia.com\/fr\/wp-json\/wp\/v2\/types-de-partenaires?post=301"}],"curies":[{"name":"wp","href":"https:\/\/api.w.org\/{rel}","templated":true}]}}