{"id":374,"date":"2024-04-17T19:57:34","date_gmt":"2024-04-17T17:57:34","guid":{"rendered":"https:\/\/www.pole-avenia.com\/\/?page_id=374"},"modified":"2025-01-15T16:53:52","modified_gmt":"2025-01-15T15:53:52","slug":"devenir-adherent","status":"publish","type":"page","link":"https:\/\/www.pole-avenia.com\/fr\/nous-connaitre\/devenir-adherent\/","title":{"rendered":"Devenir Adh\u00e9rent"},"content":{"rendered":"\t\t<div data-elementor-type=\"wp-page\" data-elementor-id=\"374\" class=\"elementor elementor-374\">\n\t\t\t\t<div class=\"elementor-element elementor-element-1ad463a e-flex e-con-boxed e-con e-parent\" data-id=\"1ad463a\" data-element_type=\"container\" data-settings=\"{&quot;container_type&quot;:&quot;flex&quot;,&quot;content_width&quot;:&quot;boxed&quot;}\" data-core-v316-plus=\"true\">\n\t\t\t\t\t<div class=\"e-con-inner\">\n\t\t\t\t<div class=\"elementor-element elementor-element-26d94c1 elementor-widget elementor-widget-ucaddon_avenia_hero\" data-id=\"26d94c1\" data-element_type=\"widget\" data-widget_type=\"ucaddon_avenia_hero.default\">\n\t\t\t\t<div class=\"elementor-widget-container\">\n\t\t\t\n<!-- start Avenia - Hero -->\n\t\t<link id='fancybox-css' href='https:\/\/www.pole-avenia.com\/wp-content\/plugins\/unlimited-elements-for-elementor-premium\/assets_libraries\/fancybox3\/jquery.fancybox.min.css' type='text\/css' rel='stylesheet' >\n\n\n<div class=\"avenia_hero-global \">\n  <div class=\"item-list\">\n    <div class=\"item-contenu\">\n      <span class=\"avenia_text--category\">Avenia<\/span>\n      <h1 class=\"avenia_title--1\">Devenir Adh\u00e9rent<\/h1>\n      <span class=\"avenia_title--4\">Adh\u00e9rer au p\u00f4le AVENIA, c\u2019est rejoindre une communaut\u00e9 dynamique d\u2019acteurs engag\u00e9s dans un effort collectif pour stimuler l\u2019innovation et la croissance dans le domaine des industries du sous-sol.<\/span>\n      \n            <div class=\"item_align\">\n                <a href=\"https:\/\/annuaire.pole-avenia.com\/fr\/inscription\" class=\"avenia_button size-lg color-lightgreen\">\n          <div class=\"bt-wrap\">\n            <span class=\"top\">Devenir adh\u00e9rent<\/span>\n            <span class=\"bottom\">Devenir adh\u00e9rent<\/span>\n          <\/div>\n        <\/a>\n                      <\/div>\n          <\/div>\n    <div class=\"item-image \">\n                <img decoding=\"async\" src=\"https:\/\/www.pole-avenia.com\/wp-content\/uploads\/2024\/04\/image-programme-1-800x533.jpg\" alt=\"\"\/>\n            <\/div>\n  <\/div>\n<\/div>\n<!-- end Avenia - Hero -->\t\t<\/div>\n\t\t\t\t<\/div>\n\t\t\t\t<div class=\"elementor-element elementor-element-5d6e49c elementor-widget elementor-widget-ucaddon_avantages\" data-id=\"5d6e49c\" data-element_type=\"widget\" data-widget_type=\"ucaddon_avantages.default\">\n\t\t\t\t<div class=\"elementor-widget-container\">\n\t\t\t\n<!-- start Avenia - Avantages -->\n\n<div class=\"avenia_container-full\">\n  <div class=\"avenia_avantages bg-darkgreen\">\n    <h2 class=\"avenia_title--4\">Les avantages d\u2019Avenia<\/h2>\n    <div class=\"avantages_container\">\n      <div class=\"container_item\">\n  <div class=\"item-image\">\n    <img decoding=\"async\" src=\"https:\/\/www.pole-avenia.com\/wp-content\/uploads\/2024\/04\/image-avantage-1-430x185.jpg\" alt=\"\">\n  <\/div>\n  <span class=\"avenia_text--category\">01<\/span>\n  <h3 class=\"avenia_title--2\">Catalyseur d'Innovation Collaborative<\/h3>\n  <span class=\"contenu\">En r\u00e9unissant entreprises, organismes de recherche et acteurs institutionnels, les innovations sont plus rapides et efficaces<\/span>\n<\/div>\n<div class=\"container_item\">\n  <div class=\"item-image\">\n    <img decoding=\"async\" src=\"https:\/\/www.pole-avenia.com\/wp-content\/uploads\/2024\/04\/image-avantage-2-430x185.jpg\" alt=\"\">\n  <\/div>\n  <span class=\"avenia_text--category\">02<\/span>\n  <h3 class=\"avenia_title--2\">Acc\u00e8s \u00e0 de l\u2019expertise et des ressources<\/h3>\n  <span class=\"contenu\">Veille sectorielle, comit\u00e9 d\u2019experts...<\/span>\n<\/div>\n<div class=\"container_item\">\n  <div class=\"item-image\">\n    <img decoding=\"async\" src=\"https:\/\/www.pole-avenia.com\/wp-content\/uploads\/2024\/04\/image-avantage-3-430x185.jpg\" alt=\"\">\n  <\/div>\n  <span class=\"avenia_text--category\">03<\/span>\n  <h3 class=\"avenia_title--2\">Opportunit\u00e9s \u2028d\u2019affaires et de financement<\/h3>\n  <span class=\"contenu\">Mises en relation avec des partenaires commerciaux fran\u00e7ais et internationaux. Acc\u00e8s facilit\u00e9 \u00e0 des guichets de financement (nation et et europ\u00e9en)<\/span>\n<\/div>\n\n    <\/div>\n\n      <\/div>\n<\/div>\n<!-- end Avenia - Avantages -->\t\t<\/div>\n\t\t\t\t<\/div>\n\t\t\t\t<div class=\"elementor-element elementor-element-164e019 elementor-widget elementor-widget-ucaddon_avenia_rejoindre_avenia\" data-id=\"164e019\" data-element_type=\"widget\" data-widget_type=\"ucaddon_avenia_rejoindre_avenia.default\">\n\t\t\t\t<div class=\"elementor-widget-container\">\n\t\t\t\n<!-- start Avenia - Rejoindre AVENIA -->\n\n<div class=\"avenia_list-adherent\">\n        <h2 class=\"avenia_title--4\">Rejoindre AVENIA<\/h2>\n        <div class=\"bloc-adherent\">\n          <a href=\"https:\/\/annuaire.pole-avenia.com\/fr\/inscription\" class=\"bloc-item\">\n  <h3 class=\"avenia_title--3\">Grand Groupe ou ETI<\/h3>\n  <span class=\"content text-grey600\">En adh\u00e9rant \u00e0 AVENIA vous renforcez votre veille strat\u00e9gique, d\u00e9multipliez vos capacit\u00e9s de sourcing et contribuez \u00e0 la d\u00e9finition des d\u00e9fis technologiques de demain dans le domaine des industries du sous-sol. Rejoindre AVENIA c\u2019est aussi contribuer au renforcement des \u00e9cosyst\u00e8mes territoriaux d\u2019innovation et en tirer des retomb\u00e9es positives en termes d\u2019image, de relations publiques et de partage de bonnes pratiques.<\/span>\n  <span class=\"avenia_link\">\n    Devenir Adh\u00e9rent\n    <i class=\"icon-arrow-right\"><\/i>\n  <\/span>\n<\/a>\n<a href=\"https:\/\/annuaire.pole-avenia.com\/fr\/inscription\" class=\"bloc-item\">\n  <h3 class=\"avenia_title--3\">PME ou TPE<\/h3>\n  <span class=\"content text-grey600\">En adh\u00e9rent \u00e0 AVENIA vous acc\u00e9dez \u00e0 des mises en relation qualifi\u00e9es pour vos projets d\u2019innovation ou votre d\u00e9veloppement d\u2019affaires. \u00catre adh\u00e9rent AVENIA vous permet d\u2019int\u00e9grer une communaut\u00e9 d\u2019acteurs et de profiter de l\u2019effet r\u00e9seau pour mettre en avant votre entreprise et vos projets.<\/span>\n  <span class=\"avenia_link\">\n    Devenir Adh\u00e9rent\n    <i class=\"icon-arrow-right\"><\/i>\n  <\/span>\n<\/a>\n<a href=\"https:\/\/annuaire.pole-avenia.com\/fr\/inscription\" class=\"bloc-item\">\n  <h3 class=\"avenia_title--3\">\u00c9tablissement d'enseignement<\/h3>\n  <span class=\"content text-grey600\">En adh\u00e9rent \u00e0 AVENIA vous int\u00e9grez un r\u00e9seau d\u2019entreprises repr\u00e9sentant un vivier important de d\u00e9bouch\u00e9s pour vos \u00e9tudiants. Rejoindre AVENIA c\u2019est \u00eatre au c\u0153ur des besoins des industriels en mati\u00e8re de comp\u00e9tences et de savoir-faire recherch\u00e9s.<\/span>\n  <span class=\"avenia_link\">\n    Devenir Adh\u00e9rent\n    <i class=\"icon-arrow-right\"><\/i>\n  <\/span>\n<\/a>\n<a href=\"https:\/\/annuaire.pole-avenia.com\/fr\/inscription\" class=\"bloc-item\">\n  <h3 class=\"avenia_title--3\">Laboratoire ou Organisme de recherche<\/h3>\n  <span class=\"content text-grey600\">En adh\u00e9rent \u00e0 AVENIA vous vous rapprochez des industriels du secteur des industries du sous-sol et contribuez aux innovations de demain. Participer aux activit\u00e9s d\u2019AVENIA vous permet de donner de la visibilit\u00e9 \u00e0 vos travaux de recherche et de b\u00e9n\u00e9ficier de collaborations.<\/span>\n  <span class=\"avenia_link\">\n    Devenir Adh\u00e9rent\n    <i class=\"icon-arrow-right\"><\/i>\n  <\/span>\n<\/a>\n<a href=\"https:\/\/annuaire.pole-avenia.com\/fr\/inscription\" class=\"bloc-item\">\n  <h3 class=\"avenia_title--3\">Collectivit\u00e9<\/h3>\n  <span class=\"content text-grey600\">En adh\u00e9rent \u00e0 AVENIA vous renforcez votre veille dans des domaines strat\u00e9giques sur lesquels votre territoire est d\u00e9j\u00e0 positionn\u00e9 ou a l\u2019intention de l\u2019\u00eatre. Rejoindre AVENIA vous permet de r\u00e9fl\u00e9chir aux enjeux de votre territoire en int\u00e9grant l\u2019ensemble des parties prenantes.<\/span>\n  <span class=\"avenia_link\">\n    Devenir Adh\u00e9rent\n    <i class=\"icon-arrow-right\"><\/i>\n  <\/span>\n<\/a>\n<a href=\"https:\/\/annuaire.pole-avenia.com\/fr\/inscription\" class=\"bloc-item\">\n  <h3 class=\"avenia_title--3\">Structure Associative<\/h3>\n  <span class=\"content text-grey600\">En adh\u00e9rent \u00e0 AVENIA vous offrez \u00e0 votre association des passerelles vers les m\u00e9tiers du sous-sol et leurs applications.<\/span>\n  <span class=\"avenia_link\">\n    Devenir Adh\u00e9rent\n    <i class=\"icon-arrow-right\"><\/i>\n  <\/span>\n<\/a>\n<a href=\"https:\/\/annuaire.pole-avenia.com\/fr\/inscription\" class=\"bloc-item\">\n  <h3 class=\"avenia_title--3\">Travailleur Ind\u00e9pendant<\/h3>\n  <span class=\"content text-grey600\">En adh\u00e9rent \u00e0 AVENIA vous int\u00e9grez une communaut\u00e9 au sein de laquelle vous pourrez trouver de l\u2019accompagnement, des clients potentiels et de futurs partenaires.<\/span>\n  <span class=\"avenia_link\">\n    Devenir Adh\u00e9rent\n    <i class=\"icon-arrow-right\"><\/i>\n  <\/span>\n<\/a>\n\n        <\/div>\n<\/div>\n<!-- end Avenia - Rejoindre AVENIA -->\t\t<\/div>\n\t\t\t\t<\/div>\n\t\t\t\t<div class=\"elementor-element elementor-element-81bf170 elementor-widget elementor-widget-ucaddon_avenia_adhesion\" data-id=\"81bf170\" data-element_type=\"widget\" data-widget_type=\"ucaddon_avenia_adhesion.default\">\n\t\t\t\t<div class=\"elementor-widget-container\">\n\t\t\t\n<!-- start Avenia - Adh\u00e9sion au p\u00f4le -->\n\n<div class=\"avenia_rejoindre version-2\">\n  <div class=\"rejoindre-bloc\">\n    <div class=\"bloc-contenu\">\n      <h2 class=\"avenia_title--1\">Adh\u00e9sion au p\u00f4le<\/h2>\n    <\/div>\n    <div class=\"bloc-contenu\">\n      <p class=\"opt-80\">L\u2019adh\u00e9sion au p\u00f4le est payante. La cotisation annuelle peut d\u00e9pendre du type de votre structure, de sa taille ou de son Chiffre d\u2019Affaires.<\/p>\n    <\/div>\n    <div class=\"bloc-contact\"><a href=\"https:\/\/www.pole-avenia.com\/wp-content\/uploads\/2025\/01\/Bareme-de-cotisation-2025.pdf\" class=\"avenia_link text-white\">\n  T\u00e9l\u00e9charger le bar\u00e8me de cotisations\n  <i class=\"icon-arrow-right\"><\/i>\n<\/a>\n<a href=\"https:\/\/www.pole-avenia.com\/wp-content\/uploads\/2024\/05\/Statuts-signes-POLE-AVENIA-modification-fevrier-2019.pdf\" class=\"avenia_link text-white\">\n  T\u00e9l\u00e9charger les statuts\n  <i class=\"icon-arrow-right\"><\/i>\n<\/a>\n<\/div>\n  <\/div>\n<\/div>\n<!-- end Avenia - Adh\u00e9sion au p\u00f4le -->\t\t<\/div>\n\t\t\t\t<\/div>\n\t\t\t\t\t<\/div>\n\t\t\t\t<\/div>\n\t\t\t\t<\/div>\n\t\t","protected":false},"excerpt":{"rendered":"<p>Avenia Devenir Adh\u00e9rent Adh\u00e9rer au p\u00f4le AVENIA, c\u2019est rejoindre une communaut\u00e9 dynamique d\u2019acteurs engag\u00e9s dans un effort collectif pour stimuler l\u2019innovation et la croissance dans le domaine des industries du sous-sol. Devenir adh\u00e9rent Devenir adh\u00e9rent Les avantages d\u2019Avenia 01 Catalyseur d&rsquo;Innovation Collaborative En r\u00e9unissant entreprises, organismes de recherche et acteurs institutionnels, les innovations sont plus [&hellip;]<\/p>\n","protected":false},"author":1,"featured_media":0,"parent":563,"menu_order":0,"comment_status":"closed","ping_status":"closed","template":"page-defaut.php","meta":{"footnotes":""},"pays":[],"types-de-partenaires":[],"acf":[],"yoast_head":"<!-- This site is optimized with the Yoast SEO plugin v22.7 - https:\/\/yoast.com\/wordpress\/plugins\/seo\/ -->\n<title>Devenir Adh\u00e9rent<\/title>\n<meta name=\"robots\" content=\"index, follow, max-snippet:-1, max-image-preview:large, max-video-preview:-1\" \/>\n<link rel=\"canonical\" href=\"https:\/\/www.pole-avenia.com\/fr\/nous-connaitre\/devenir-adherent\/\" \/>\n<meta property=\"og:locale\" content=\"fr_FR\" \/>\n<meta property=\"og:type\" content=\"article\" \/>\n<meta property=\"og:title\" content=\"Devenir Adh\u00e9rent\" \/>\n<meta property=\"og:description\" content=\"Avenia Devenir Adh\u00e9rent Adh\u00e9rer au p\u00f4le AVENIA, c\u2019est rejoindre une communaut\u00e9 dynamique d\u2019acteurs engag\u00e9s dans un effort collectif pour stimuler l\u2019innovation et la croissance dans le domaine des industries du sous-sol. Devenir adh\u00e9rent Devenir adh\u00e9rent Les avantages d\u2019Avenia 01 Catalyseur d&rsquo;Innovation Collaborative En r\u00e9unissant entreprises, organismes de recherche et acteurs institutionnels, les innovations sont plus [&hellip;]\" \/>\n<meta property=\"og:url\" content=\"https:\/\/www.pole-avenia.com\/fr\/nous-connaitre\/devenir-adherent\/\" \/>\n<meta property=\"og:site_name\" content=\"P\u00f4le AVENIA\" \/>\n<meta property=\"article:modified_time\" content=\"2025-01-15T15:53:52+00:00\" \/>\n<meta property=\"og:image\" content=\"https:\/\/www.pole-avenia.com\/wp-content\/uploads\/2024\/04\/image-programme-1-800x533.jpg\" \/>\n<meta name=\"twitter:card\" content=\"summary_large_image\" \/>\n<meta name=\"twitter:label1\" content=\"Est. reading time\" \/>\n\t<meta name=\"twitter:data1\" content=\"3 minutes\" \/>\n<script type=\"application\/ld+json\" class=\"yoast-schema-graph\">{\"@context\":\"https:\/\/schema.org\",\"@graph\":[{\"@type\":\"WebPage\",\"@id\":\"https:\/\/www.pole-avenia.com\/fr\/nous-connaitre\/devenir-adherent\/\",\"url\":\"https:\/\/www.pole-avenia.com\/fr\/nous-connaitre\/devenir-adherent\/\",\"name\":\"Devenir Adh\u00e9rent\",\"isPartOf\":{\"@id\":\"https:\/\/www.pole-avenia.com\/fr\/#website\"},\"primaryImageOfPage\":{\"@id\":\"https:\/\/www.pole-avenia.com\/fr\/nous-connaitre\/devenir-adherent\/#primaryimage\"},\"image\":{\"@id\":\"https:\/\/www.pole-avenia.com\/fr\/nous-connaitre\/devenir-adherent\/#primaryimage\"},\"thumbnailUrl\":\"https:\/\/www.pole-avenia.com\/wp-content\/uploads\/2024\/04\/image-programme-1-800x533.jpg\",\"datePublished\":\"2024-04-17T17:57:34+00:00\",\"dateModified\":\"2025-01-15T15:53:52+00:00\",\"breadcrumb\":{\"@id\":\"https:\/\/www.pole-avenia.com\/fr\/nous-connaitre\/devenir-adherent\/#breadcrumb\"},\"inLanguage\":\"fr-FR\",\"potentialAction\":[{\"@type\":\"ReadAction\",\"target\":[\"https:\/\/www.pole-avenia.com\/fr\/nous-connaitre\/devenir-adherent\/\"]}]},{\"@type\":\"ImageObject\",\"inLanguage\":\"fr-FR\",\"@id\":\"https:\/\/www.pole-avenia.com\/fr\/nous-connaitre\/devenir-adherent\/#primaryimage\",\"url\":\"https:\/\/www.pole-avenia.com\/wp-content\/uploads\/2024\/04\/image-programme-1-800x533.jpg\",\"contentUrl\":\"https:\/\/www.pole-avenia.com\/wp-content\/uploads\/2024\/04\/image-programme-1-800x533.jpg\"},{\"@type\":\"BreadcrumbList\",\"@id\":\"https:\/\/www.pole-avenia.com\/fr\/nous-connaitre\/devenir-adherent\/#breadcrumb\",\"itemListElement\":[{\"@type\":\"ListItem\",\"position\":1,\"name\":\"Home\",\"item\":\"https:\/\/www.pole-avenia.com\/fr\/\"},{\"@type\":\"ListItem\",\"position\":2,\"name\":\"Nous conna\u00eetre\",\"item\":\"https:\/\/www.pole-avenia.com\/fr\/nous-connaitre\/\"},{\"@type\":\"ListItem\",\"position\":3,\"name\":\"Devenir Adh\u00e9rent\"}]},{\"@type\":\"WebSite\",\"@id\":\"https:\/\/www.pole-avenia.com\/fr\/#website\",\"url\":\"https:\/\/www.pole-avenia.com\/fr\/\",\"name\":\"P\u00f4le AVENIA\",\"description\":\"\",\"publisher\":{\"@id\":\"https:\/\/www.pole-avenia.com\/fr\/#organization\"},\"potentialAction\":[{\"@type\":\"SearchAction\",\"target\":{\"@type\":\"EntryPoint\",\"urlTemplate\":\"https:\/\/www.pole-avenia.com\/fr\/?s={search_term_string}\"},\"query-input\":\"required name=search_term_string\"}],\"inLanguage\":\"fr-FR\"},{\"@type\":\"Organization\",\"@id\":\"https:\/\/www.pole-avenia.com\/fr\/#organization\",\"name\":\"P\u00f4le AVENIA\",\"url\":\"https:\/\/www.pole-avenia.com\/fr\/\",\"logo\":{\"@type\":\"ImageObject\",\"inLanguage\":\"fr-FR\",\"@id\":\"https:\/\/www.pole-avenia.com\/fr\/#\/schema\/logo\/image\/\",\"url\":\"https:\/\/www.pole-avenia.com\/wp-content\/uploads\/2024\/05\/logo-avenia-icon.png\",\"contentUrl\":\"https:\/\/www.pole-avenia.com\/wp-content\/uploads\/2024\/05\/logo-avenia-icon.png\",\"width\":700,\"height\":700,\"caption\":\"P\u00f4le AVENIA\"},\"image\":{\"@id\":\"https:\/\/www.pole-avenia.com\/fr\/#\/schema\/logo\/image\/\"},\"sameAs\":[\"https:\/\/www.linkedin.com\/company\/pole-avenia\/\",\"https:\/\/www.youtube.com\/@poleavenia6865\",\"https:\/\/www.instagram.com\/poleavenia\/\"]}]}<\/script>\n<!-- \/ Yoast SEO plugin. -->","yoast_head_json":{"title":"Devenir Adh\u00e9rent","robots":{"index":"index","follow":"follow","max-snippet":"max-snippet:-1","max-image-preview":"max-image-preview:large","max-video-preview":"max-video-preview:-1"},"canonical":"https:\/\/www.pole-avenia.com\/fr\/nous-connaitre\/devenir-adherent\/","og_locale":"fr_FR","og_type":"article","og_title":"Devenir Adh\u00e9rent","og_description":"Avenia Devenir Adh\u00e9rent Adh\u00e9rer au p\u00f4le AVENIA, c\u2019est rejoindre une communaut\u00e9 dynamique d\u2019acteurs engag\u00e9s dans un effort collectif pour stimuler l\u2019innovation et la croissance dans le domaine des industries du sous-sol. Devenir adh\u00e9rent Devenir adh\u00e9rent Les avantages d\u2019Avenia 01 Catalyseur d&rsquo;Innovation Collaborative En r\u00e9unissant entreprises, organismes de recherche et acteurs institutionnels, les innovations sont plus [&hellip;]","og_url":"https:\/\/www.pole-avenia.com\/fr\/nous-connaitre\/devenir-adherent\/","og_site_name":"P\u00f4le AVENIA","article_modified_time":"2025-01-15T15:53:52+00:00","og_image":[{"url":"https:\/\/www.pole-avenia.com\/wp-content\/uploads\/2024\/04\/image-programme-1-800x533.jpg"}],"twitter_card":"summary_large_image","twitter_misc":{"Est. reading time":"3 minutes"},"schema":{"@context":"https:\/\/schema.org","@graph":[{"@type":"WebPage","@id":"https:\/\/www.pole-avenia.com\/fr\/nous-connaitre\/devenir-adherent\/","url":"https:\/\/www.pole-avenia.com\/fr\/nous-connaitre\/devenir-adherent\/","name":"Devenir Adh\u00e9rent","isPartOf":{"@id":"https:\/\/www.pole-avenia.com\/fr\/#website"},"primaryImageOfPage":{"@id":"https:\/\/www.pole-avenia.com\/fr\/nous-connaitre\/devenir-adherent\/#primaryimage"},"image":{"@id":"https:\/\/www.pole-avenia.com\/fr\/nous-connaitre\/devenir-adherent\/#primaryimage"},"thumbnailUrl":"https:\/\/www.pole-avenia.com\/wp-content\/uploads\/2024\/04\/image-programme-1-800x533.jpg","datePublished":"2024-04-17T17:57:34+00:00","dateModified":"2025-01-15T15:53:52+00:00","breadcrumb":{"@id":"https:\/\/www.pole-avenia.com\/fr\/nous-connaitre\/devenir-adherent\/#breadcrumb"},"inLanguage":"fr-FR","potentialAction":[{"@type":"ReadAction","target":["https:\/\/www.pole-avenia.com\/fr\/nous-connaitre\/devenir-adherent\/"]}]},{"@type":"ImageObject","inLanguage":"fr-FR","@id":"https:\/\/www.pole-avenia.com\/fr\/nous-connaitre\/devenir-adherent\/#primaryimage","url":"https:\/\/www.pole-avenia.com\/wp-content\/uploads\/2024\/04\/image-programme-1-800x533.jpg","contentUrl":"https:\/\/www.pole-avenia.com\/wp-content\/uploads\/2024\/04\/image-programme-1-800x533.jpg"},{"@type":"BreadcrumbList","@id":"https:\/\/www.pole-avenia.com\/fr\/nous-connaitre\/devenir-adherent\/#breadcrumb","itemListElement":[{"@type":"ListItem","position":1,"name":"Home","item":"https:\/\/www.pole-avenia.com\/fr\/"},{"@type":"ListItem","position":2,"name":"Nous conna\u00eetre","item":"https:\/\/www.pole-avenia.com\/fr\/nous-connaitre\/"},{"@type":"ListItem","position":3,"name":"Devenir Adh\u00e9rent"}]},{"@type":"WebSite","@id":"https:\/\/www.pole-avenia.com\/fr\/#website","url":"https:\/\/www.pole-avenia.com\/fr\/","name":"P\u00f4le AVENIA","description":"","publisher":{"@id":"https:\/\/www.pole-avenia.com\/fr\/#organization"},"potentialAction":[{"@type":"SearchAction","target":{"@type":"EntryPoint","urlTemplate":"https:\/\/www.pole-avenia.com\/fr\/?s={search_term_string}"},"query-input":"required name=search_term_string"}],"inLanguage":"fr-FR"},{"@type":"Organization","@id":"https:\/\/www.pole-avenia.com\/fr\/#organization","name":"P\u00f4le AVENIA","url":"https:\/\/www.pole-avenia.com\/fr\/","logo":{"@type":"ImageObject","inLanguage":"fr-FR","@id":"https:\/\/www.pole-avenia.com\/fr\/#\/schema\/logo\/image\/","url":"https:\/\/www.pole-avenia.com\/wp-content\/uploads\/2024\/05\/logo-avenia-icon.png","contentUrl":"https:\/\/www.pole-avenia.com\/wp-content\/uploads\/2024\/05\/logo-avenia-icon.png","width":700,"height":700,"caption":"P\u00f4le AVENIA"},"image":{"@id":"https:\/\/www.pole-avenia.com\/fr\/#\/schema\/logo\/image\/"},"sameAs":["https:\/\/www.linkedin.com\/company\/pole-avenia\/","https:\/\/www.youtube.com\/@poleavenia6865","https:\/\/www.instagram.com\/poleavenia\/"]}]}},"_links":{"self":[{"href":"https:\/\/www.pole-avenia.com\/fr\/wp-json\/wp\/v2\/pages\/374"}],"collection":[{"href":"https:\/\/www.pole-avenia.com\/fr\/wp-json\/wp\/v2\/pages"}],"about":[{"href":"https:\/\/www.pole-avenia.com\/fr\/wp-json\/wp\/v2\/types\/page"}],"author":[{"embeddable":true,"href":"https:\/\/www.pole-avenia.com\/fr\/wp-json\/wp\/v2\/users\/1"}],"replies":[{"embeddable":true,"href":"https:\/\/www.pole-avenia.com\/fr\/wp-json\/wp\/v2\/comments?post=374"}],"version-history":[{"count":78,"href":"https:\/\/www.pole-avenia.com\/fr\/wp-json\/wp\/v2\/pages\/374\/revisions"}],"predecessor-version":[{"id":3150,"href":"https:\/\/www.pole-avenia.com\/fr\/wp-json\/wp\/v2\/pages\/374\/revisions\/3150"}],"up":[{"embeddable":true,"href":"https:\/\/www.pole-avenia.com\/fr\/wp-json\/wp\/v2\/pages\/563"}],"wp:attachment":[{"href":"https:\/\/www.pole-avenia.com\/fr\/wp-json\/wp\/v2\/media?parent=374"}],"wp:term":[{"taxonomy":"pays","embeddable":true,"href":"https:\/\/www.pole-avenia.com\/fr\/wp-json\/wp\/v2\/pays?post=374"},{"taxonomy":"types-de-partenaires","embeddable":true,"href":"https:\/\/www.pole-avenia.com\/fr\/wp-json\/wp\/v2\/types-de-partenaires?post=374"}],"curies":[{"name":"wp","href":"https:\/\/api.w.org\/{rel}","templated":true}]}}