{"id":391,"date":"2024-04-17T20:19:43","date_gmt":"2024-04-17T18:19:43","guid":{"rendered":"https:\/\/www.pole-avenia.com\/\/?page_id=391"},"modified":"2026-01-21T16:45:26","modified_gmt":"2026-01-21T15:45:26","slug":"earth-2","status":"publish","type":"page","link":"https:\/\/www.pole-avenia.com\/fr\/nos-programmes\/earth-2\/","title":{"rendered":"earth2"},"content":{"rendered":"\t\t<div data-elementor-type=\"wp-page\" data-elementor-id=\"391\" class=\"elementor elementor-391\">\n\t\t\t\t<div class=\"elementor-element elementor-element-abe25e4 e-flex e-con-boxed e-con e-parent\" data-id=\"abe25e4\" data-element_type=\"container\" data-settings=\"{&quot;container_type&quot;:&quot;flex&quot;,&quot;content_width&quot;:&quot;boxed&quot;}\" data-core-v316-plus=\"true\">\n\t\t\t\t\t<div class=\"e-con-inner\">\n\t\t\t\t<div class=\"elementor-element elementor-element-8a64e09 elementor-widget elementor-widget-ucaddon_avenia_hero_programme\" data-id=\"8a64e09\" data-element_type=\"widget\" data-widget_type=\"ucaddon_avenia_hero_programme.default\">\n\t\t\t\t<div class=\"elementor-widget-container\">\n\t\t\t\n<!-- start Avenia - Hero Programme -->\n\n<div class=\"avenia_hero-program\" style=\"background-image: url('https:\/\/www.pole-avenia.com\/wp-content\/uploads\/2024\/05\/Carte-Geologique-Europe-Bichromie-DEF.jpg')\" >\n  <div class=\"hero_bloc\">\n    <div class=\"bloc--contenu\">\n      <h1 class=\"avenia_title--1\">earth<sub>2<\/sub><\/h1>\n      <p class=\"avenia_title--4\">Une initiative europ\u00e9enne pour l\u2019hydrog\u00e8ne du sous-sol<\/p>\n    <\/div>\n        <div class=\"bloc--cta\">\n      <a class=\"avenia_button size-lg color-light\" href=\"https:\/\/www.earth2-hydrogen.com\/\">\n        <div class=\"bt-wrap\">\n          <span class=\"top\">En savoir plus<\/span>\n          <span class=\"bottom\">En savoir plus<\/span>\n        <\/div>\n      <\/a>\n    <\/div>    \n      <\/div>\n<\/div>\n<!-- end Avenia - Hero Programme -->\t\t<\/div>\n\t\t\t\t<\/div>\n\t\t\t\t<div class=\"elementor-element elementor-element-0556710 elementor-widget elementor-widget-ucaddon_avenia_contenu_programme\" data-id=\"0556710\" data-element_type=\"widget\" data-widget_type=\"ucaddon_avenia_contenu_programme.default\">\n\t\t\t\t<div class=\"elementor-widget-container\">\n\t\t\t\n<!-- start Avenia - Contenu Programme -->\n\n<div class=\"avenia_content-program\">\n  <p class=\"display-bl avenia_title--4\">Nous avons pour ambition avec earth<sub>2<\/sub> de r\u00e9unir les acteurs europ\u00e9ens impliqu\u00e9s dans l'hydrog\u00e8ne naturel et le stockage souterrain. Notre but est d'acc\u00e9l\u00e9rer le d\u00e9veloppement de ces deux piliers de l\u2019hydrog\u00e8ne du sous-sol n\u00e9cessaires \u00e0 la transition \u00e9nerg\u00e9tique. Nous sommes convaincus que les g\u00e9osciences ont un r\u00f4le essentiel \u00e0 jouer pour atteindre les objectifs europ\u00e9ens d'ici 2030. Avec le soutien de nos membres et la mise en place d'une feuille de route structur\u00e9e, notre souhaitons faire de earth<sub>2<\/sub> une r\u00e9f\u00e9rence europ\u00e9enne dans ces domaines.<\/p>\n<\/div>\n<!-- end Avenia - Contenu Programme -->\t\t<\/div>\n\t\t\t\t<\/div>\n\t\t\t\t<div class=\"elementor-element elementor-element-7ad505f elementor-widget elementor-widget-ucaddon_chiffre\" data-id=\"7ad505f\" data-element_type=\"widget\" data-widget_type=\"ucaddon_chiffre.default\">\n\t\t\t\t<div class=\"elementor-widget-container\">\n\t\t\t\n<!-- start Avenia - Chiffre -->\n\n<div class=\"avenia_chiffre \" id=\"uc_chiffre_elementor_7ad505f\">\n <div class=\"chiffre_bloc\">\n    <span class=\"avenia_title--big decompte\" data-max=\"40\">-<\/span>\n    <span class=\"bloc-text\">Membres d&#039;earth2<\/span>\n<\/div>\n<div class=\"chiffre_bloc\">\n    <span class=\"avenia_title--big decompte\" data-max=\"1.5\">-<\/span>\n    <span class=\"bloc-text\">co\u00fbt de production estim\u00e9 en euros\/kg de l\u2019hydrog\u00e8ne naturel<\/span>\n<\/div>\n<div class=\"chiffre_bloc\">\n    <span class=\"avenia_title--big decompte\" data-max=\"920\">-<\/span>\n    <span class=\"bloc-text\">la consommation annuelle d\u2019hydrog\u00e8ne en France en kT <\/span>\n<\/div>\n<div class=\"chiffre_bloc\">\n    <span class=\"avenia_title--big decompte\" data-max=\"200\">-<\/span>\n    <span class=\"bloc-text\">le nombre estim\u00e9 de cavit\u00e9s salines n\u00e9cessaires dans le monde pour assurer le stockage souterrain de l\u2019hydrog\u00e8ne<\/span>\n<\/div>\n <\/div>\n<!-- end Avenia - Chiffre -->\t\t<\/div>\n\t\t\t\t<\/div>\n\t\t\t\t<div class=\"elementor-element elementor-element-e1ba595 elementor-widget elementor-widget-ucaddon_avantages\" data-id=\"e1ba595\" data-element_type=\"widget\" data-widget_type=\"ucaddon_avantages.default\">\n\t\t\t\t<div class=\"elementor-widget-container\">\n\t\t\t\n<!-- start Avenia - Avantages -->\n\n<div class=\"avenia_container-full\">\n  <div class=\"avenia_avantages \">\n    <h2 class=\"avenia_title--4\">Objectifs<\/h2>\n    <div class=\"avantages_container\">\n      <div class=\"container_item\">\n  <div class=\"item-image\">\n    <img decoding=\"async\" src=\"https:\/\/www.pole-avenia.com\/wp-content\/uploads\/2025\/06\/EARTH2-WORKSHOP-2022-Photo-06-430x185.jpg\" alt=\"\">\n  <\/div>\n  <span class=\"avenia_text--category\">01<\/span>\n  <h3 class=\"avenia_title--2\">Construction d\u2019un socle commun<\/h3>\n  <span class=\"contenu\">Construction d\u2019un socle commun pr\u00e9cis de connaissances relatifs \u00e0 l\u2019hydrog\u00e8ne du sous-sol via la mise en place de nos groupes de travail d\u00e9di\u00e9s.<\/span>\n<\/div>\n<div class=\"container_item\">\n  <div class=\"item-image\">\n    <img decoding=\"async\" src=\"https:\/\/www.pole-avenia.com\/wp-content\/uploads\/2025\/06\/1726773726046-430x185.jpg\" alt=\"\">\n  <\/div>\n  <span class=\"avenia_text--category\">02<\/span>\n  <h3 class=\"avenia_title--2\">Acculturation des parties prenantes<\/h3>\n  <span class=\"contenu\">Acculturation des parties prenantes de la fili\u00e8re gr\u00e2ce \u00e0 l\u2019organisation et \u00e0 la participation d\u2019\u00e9v\u00e9nements cl\u00e9s et \u00e0 une communication cibl\u00e9e et didactique.<\/span>\n<\/div>\n<div class=\"container_item\">\n  <div class=\"item-image\">\n    <img decoding=\"async\" src=\"https:\/\/www.pole-avenia.com\/wp-content\/uploads\/2024\/05\/friends-hanging-out-with-each-other.png\" alt=\"\">\n  <\/div>\n  <span class=\"avenia_text--category\">03<\/span>\n  <h3 class=\"avenia_title--2\">Mise en place de projets collaboratifs<\/h3>\n  <span class=\"contenu\">Mise en place de projets collaboratifs pertinents et ambitieux, en s\u2019appuyant sur l\u2019expertise de nos membres. <\/span>\n<\/div>\n\n    <\/div>\n\n      <\/div>\n<\/div>\n<!-- end Avenia - Avantages -->\t\t<\/div>\n\t\t\t\t<\/div>\n\t\t\t\t<div class=\"elementor-element elementor-element-e5815d0 elementor-widget elementor-widget-ucaddon_avenia_gouvernance\" data-id=\"e5815d0\" data-element_type=\"widget\" data-widget_type=\"ucaddon_avenia_gouvernance.default\">\n\t\t\t\t<div class=\"elementor-widget-container\">\n\t\t\t\n<!-- start Avenia - Gouvernance -->\n\n<div class=\"avenia_gouvernance\">\n        <div class=\"gouvernance-bloc\">\n          <div class=\"bloc-contenu\">\n            <img decoding=\"async\" src=\"https:\/\/www.pole-avenia.com\/wp-content\/uploads\/2024\/05\/vue-laterale-smiley-femme-au-travail-1-1.jpg\" \/>\n          <\/div>\n          <div class=\"bloc-contenu\">\n            <div class=\"contenu\">\n              <h2 class=\"avenia_title--3\">Gouvernance<\/h2>\n              <p class=\"display-bl text-grey600\">Le programme est pilot\u00e9 par un comit\u00e9 de pilotage anim\u00e9 par AVENIA.<\/p>\n              <div class=\"list_logo\">\n                <div class=\"item-logo\">\n  <img decoding=\"async\" alt=\"45-8\" src=\"https:\/\/www.pole-avenia.com\/wp-content\/uploads\/2024\/05\/45-8-1.png\" \/>\n<\/div>\n<div class=\"item-logo\">\n  <img decoding=\"async\" alt=\"AVENIA\" src=\"https:\/\/www.pole-avenia.com\/wp-content\/uploads\/2024\/05\/logo-avenia-2-1-1.png\" \/>\n<\/div>\n<div class=\"item-logo\">\n  <img decoding=\"async\" alt=\"CNRS\" src=\"https:\/\/www.pole-avenia.com\/wp-content\/uploads\/2024\/05\/cnrs-1.png\" \/>\n<\/div>\n<div class=\"item-logo\">\n  <img decoding=\"async\" alt=\"CVA\" src=\"https:\/\/www.pole-avenia.com\/wp-content\/uploads\/2024\/05\/CVA-1.png\" \/>\n<\/div>\n<div class=\"item-logo\">\n  <img decoding=\"async\" alt=\"EFG\" src=\"https:\/\/www.pole-avenia.com\/wp-content\/uploads\/2024\/05\/efg-1.png\" \/>\n<\/div>\n<div class=\"item-logo\">\n  <img decoding=\"async\" alt=\"IFPEN\" src=\"https:\/\/www.pole-avenia.com\/wp-content\/uploads\/2025\/07\/image-3.png\" \/>\n<\/div>\n<div class=\"item-logo\">\n  <img decoding=\"async\" alt=\"NATURALHY\" src=\"https:\/\/www.pole-avenia.com\/wp-content\/uploads\/2025\/07\/image-2.png\" \/>\n<\/div>\n<div class=\"item-logo\">\n  <img decoding=\"async\" alt=\"storengy\" src=\"https:\/\/www.pole-avenia.com\/wp-content\/uploads\/2024\/05\/storengy-1.png\" \/>\n<\/div>\n<div class=\"item-logo\">\n  <img decoding=\"async\" alt=\"TERRENSIS\" src=\"https:\/\/www.pole-avenia.com\/wp-content\/uploads\/2025\/07\/image-4.png\" \/>\n<\/div>\n<div class=\"item-logo\">\n  <img decoding=\"async\" alt=\"Universit\u00e9 de Pau\" src=\"https:\/\/www.pole-avenia.com\/wp-content\/uploads\/2024\/05\/image-49.png\" \/>\n<\/div>\n<div class=\"item-logo\">\n  <img decoding=\"async\" alt=\"SLB\" src=\"https:\/\/www.pole-avenia.com\/wp-content\/uploads\/2025\/07\/SLB-Gris.png\" \/>\n<\/div>\n \n              <\/div>\n            <\/div>\n          <\/div>\n        <\/div>\n      <\/div>\n<!-- end Avenia - Gouvernance -->\t\t<\/div>\n\t\t\t\t<\/div>\n\t\t\t\t<div class=\"elementor-element elementor-element-859a48d elementor-widget elementor-widget-ucaddon_avenia_rejoigner_notre_programme\" data-id=\"859a48d\" data-element_type=\"widget\" data-widget_type=\"ucaddon_avenia_rejoigner_notre_programme.default\">\n\t\t\t\t<div class=\"elementor-widget-container\">\n\t\t\t\n<!-- start Avenia - Rejoigner notre programme -->\n\n<div class=\"avenia_rejoindre\">  \n   <div class=\"rejoindre-bloc\"> \n    <div class=\"bloc-contenu\">\n      <h2 class=\"avenia_title--1\">Rejoignez notre programme<\/h2>\n    <\/div>\n    <div class=\"bloc-contenu\">\n      <p class=\"opt-80\">Programme exclusivement r\u00e9serv\u00e9 aux membres d\u2019AVENIA et sous r\u00e9serve de la validation par le comit\u00e9 de pilotage.<\/p>\n    <\/div>\n          <div class=\"bloc-contact\">\n        \t\t<a href=\"mailto:nicolas.gonthier@pole-avenia.com\" class=\"avenia_button size-lg color-lightgreen\">\n          <div class=\"bt-wrap\">\n            <span class=\"top\">Contactez-nous<\/span>\n            <span class=\"bottom\">Contactez-nous<\/span>\n          <\/div>\n      \t<\/a>\n                        <div class=\"rejoindre_conseiller\">\n          <div class=\"conseiller-img\">\n            <img decoding=\"async\" src=\"https:\/\/www.pole-avenia.com\/wp-content\/uploads\/2024\/04\/nicolas-avatar.jpeg\" alt=\"\">\n          <\/div>\n          <div class=\"conseiller-contenu\">\n            <span class=\"contenu-nom\">Nicolas <\/span>\n            <span class=\"contenu-poste\">Responsable du programme earth2<\/span>\n          <\/div>\n        <\/div>\n              <\/div>\n   <\/div>\n<\/div>\n<!-- end Avenia - Rejoigner notre programme -->\t\t<\/div>\n\t\t\t\t<\/div>\n\t\t\t\t\t<\/div>\n\t\t\t\t<\/div>\n\t\t\t\t<\/div>\n\t\t","protected":false},"excerpt":{"rendered":"<p>earth2 Une initiative europ\u00e9enne pour l\u2019hydrog\u00e8ne du sous-sol En savoir plus En savoir plus Nous avons pour ambition avec earth2 de r\u00e9unir les acteurs europ\u00e9ens impliqu\u00e9s dans l&rsquo;hydrog\u00e8ne naturel et le stockage souterrain. Notre but est d&rsquo;acc\u00e9l\u00e9rer le d\u00e9veloppement de ces deux piliers de l\u2019hydrog\u00e8ne du sous-sol n\u00e9cessaires \u00e0 la transition \u00e9nerg\u00e9tique. Nous sommes convaincus [&hellip;]<\/p>\n","protected":false},"author":1,"featured_media":0,"parent":389,"menu_order":0,"comment_status":"closed","ping_status":"closed","template":"page-defaut.php","meta":{"footnotes":""},"pays":[],"types-de-partenaires":[],"acf":[],"yoast_head":"<!-- This site is optimized with the Yoast SEO plugin v22.7 - https:\/\/yoast.com\/wordpress\/plugins\/seo\/ -->\n<title>earth2<\/title>\n<meta name=\"robots\" content=\"index, follow, max-snippet:-1, max-image-preview:large, max-video-preview:-1\" \/>\n<link rel=\"canonical\" href=\"https:\/\/www.pole-avenia.com\/fr\/nos-programmes\/earth-2\/\" \/>\n<meta property=\"og:locale\" content=\"fr_FR\" \/>\n<meta property=\"og:type\" content=\"article\" \/>\n<meta property=\"og:title\" content=\"earth2\" \/>\n<meta property=\"og:description\" content=\"earth2 Une initiative europ\u00e9enne pour l\u2019hydrog\u00e8ne du sous-sol En savoir plus En savoir plus Nous avons pour ambition avec earth2 de r\u00e9unir les acteurs europ\u00e9ens impliqu\u00e9s dans l&rsquo;hydrog\u00e8ne naturel et le stockage souterrain. Notre but est d&rsquo;acc\u00e9l\u00e9rer le d\u00e9veloppement de ces deux piliers de l\u2019hydrog\u00e8ne du sous-sol n\u00e9cessaires \u00e0 la transition \u00e9nerg\u00e9tique. Nous sommes convaincus [&hellip;]\" \/>\n<meta property=\"og:url\" content=\"https:\/\/www.pole-avenia.com\/fr\/nos-programmes\/earth-2\/\" \/>\n<meta property=\"og:site_name\" content=\"P\u00f4le AVENIA\" \/>\n<meta property=\"article:modified_time\" content=\"2026-01-21T15:45:26+00:00\" \/>\n<meta property=\"og:image\" content=\"https:\/\/www.pole-avenia.com\/wp-content\/uploads\/2025\/06\/EARTH2-WORKSHOP-2022-Photo-06-430x185.jpg\" \/>\n<meta name=\"twitter:card\" content=\"summary_large_image\" \/>\n<meta name=\"twitter:label1\" content=\"Est. reading time\" \/>\n\t<meta name=\"twitter:data1\" content=\"1 minute\" \/>\n<script type=\"application\/ld+json\" class=\"yoast-schema-graph\">{\"@context\":\"https:\/\/schema.org\",\"@graph\":[{\"@type\":\"WebPage\",\"@id\":\"https:\/\/www.pole-avenia.com\/fr\/nos-programmes\/earth-2\/\",\"url\":\"https:\/\/www.pole-avenia.com\/fr\/nos-programmes\/earth-2\/\",\"name\":\"earth2\",\"isPartOf\":{\"@id\":\"https:\/\/www.pole-avenia.com\/fr\/#website\"},\"primaryImageOfPage\":{\"@id\":\"https:\/\/www.pole-avenia.com\/fr\/nos-programmes\/earth-2\/#primaryimage\"},\"image\":{\"@id\":\"https:\/\/www.pole-avenia.com\/fr\/nos-programmes\/earth-2\/#primaryimage\"},\"thumbnailUrl\":\"https:\/\/www.pole-avenia.com\/wp-content\/uploads\/2025\/06\/EARTH2-WORKSHOP-2022-Photo-06-430x185.jpg\",\"datePublished\":\"2024-04-17T18:19:43+00:00\",\"dateModified\":\"2026-01-21T15:45:26+00:00\",\"breadcrumb\":{\"@id\":\"https:\/\/www.pole-avenia.com\/fr\/nos-programmes\/earth-2\/#breadcrumb\"},\"inLanguage\":\"fr-FR\",\"potentialAction\":[{\"@type\":\"ReadAction\",\"target\":[\"https:\/\/www.pole-avenia.com\/fr\/nos-programmes\/earth-2\/\"]}]},{\"@type\":\"ImageObject\",\"inLanguage\":\"fr-FR\",\"@id\":\"https:\/\/www.pole-avenia.com\/fr\/nos-programmes\/earth-2\/#primaryimage\",\"url\":\"https:\/\/www.pole-avenia.com\/wp-content\/uploads\/2025\/06\/EARTH2-WORKSHOP-2022-Photo-06-430x185.jpg\",\"contentUrl\":\"https:\/\/www.pole-avenia.com\/wp-content\/uploads\/2025\/06\/EARTH2-WORKSHOP-2022-Photo-06-430x185.jpg\"},{\"@type\":\"BreadcrumbList\",\"@id\":\"https:\/\/www.pole-avenia.com\/fr\/nos-programmes\/earth-2\/#breadcrumb\",\"itemListElement\":[{\"@type\":\"ListItem\",\"position\":1,\"name\":\"Home\",\"item\":\"https:\/\/www.pole-avenia.com\/fr\/\"},{\"@type\":\"ListItem\",\"position\":2,\"name\":\"Nos programmes\",\"item\":\"https:\/\/www.pole-avenia.com\/fr\/nos-programmes\/\"},{\"@type\":\"ListItem\",\"position\":3,\"name\":\"earth2\"}]},{\"@type\":\"WebSite\",\"@id\":\"https:\/\/www.pole-avenia.com\/fr\/#website\",\"url\":\"https:\/\/www.pole-avenia.com\/fr\/\",\"name\":\"P\u00f4le AVENIA\",\"description\":\"\",\"publisher\":{\"@id\":\"https:\/\/www.pole-avenia.com\/fr\/#organization\"},\"potentialAction\":[{\"@type\":\"SearchAction\",\"target\":{\"@type\":\"EntryPoint\",\"urlTemplate\":\"https:\/\/www.pole-avenia.com\/fr\/?s={search_term_string}\"},\"query-input\":\"required name=search_term_string\"}],\"inLanguage\":\"fr-FR\"},{\"@type\":\"Organization\",\"@id\":\"https:\/\/www.pole-avenia.com\/fr\/#organization\",\"name\":\"P\u00f4le AVENIA\",\"url\":\"https:\/\/www.pole-avenia.com\/fr\/\",\"logo\":{\"@type\":\"ImageObject\",\"inLanguage\":\"fr-FR\",\"@id\":\"https:\/\/www.pole-avenia.com\/fr\/#\/schema\/logo\/image\/\",\"url\":\"https:\/\/www.pole-avenia.com\/wp-content\/uploads\/2024\/05\/logo-avenia-icon.png\",\"contentUrl\":\"https:\/\/www.pole-avenia.com\/wp-content\/uploads\/2024\/05\/logo-avenia-icon.png\",\"width\":700,\"height\":700,\"caption\":\"P\u00f4le AVENIA\"},\"image\":{\"@id\":\"https:\/\/www.pole-avenia.com\/fr\/#\/schema\/logo\/image\/\"},\"sameAs\":[\"https:\/\/www.linkedin.com\/company\/pole-avenia\/\",\"https:\/\/www.youtube.com\/@poleavenia6865\",\"https:\/\/www.instagram.com\/poleavenia\/\"]}]}<\/script>\n<!-- \/ Yoast SEO plugin. -->","yoast_head_json":{"title":"earth2","robots":{"index":"index","follow":"follow","max-snippet":"max-snippet:-1","max-image-preview":"max-image-preview:large","max-video-preview":"max-video-preview:-1"},"canonical":"https:\/\/www.pole-avenia.com\/fr\/nos-programmes\/earth-2\/","og_locale":"fr_FR","og_type":"article","og_title":"earth2","og_description":"earth2 Une initiative europ\u00e9enne pour l\u2019hydrog\u00e8ne du sous-sol En savoir plus En savoir plus Nous avons pour ambition avec earth2 de r\u00e9unir les acteurs europ\u00e9ens impliqu\u00e9s dans l&rsquo;hydrog\u00e8ne naturel et le stockage souterrain. Notre but est d&rsquo;acc\u00e9l\u00e9rer le d\u00e9veloppement de ces deux piliers de l\u2019hydrog\u00e8ne du sous-sol n\u00e9cessaires \u00e0 la transition \u00e9nerg\u00e9tique. Nous sommes convaincus [&hellip;]","og_url":"https:\/\/www.pole-avenia.com\/fr\/nos-programmes\/earth-2\/","og_site_name":"P\u00f4le AVENIA","article_modified_time":"2026-01-21T15:45:26+00:00","og_image":[{"url":"https:\/\/www.pole-avenia.com\/wp-content\/uploads\/2025\/06\/EARTH2-WORKSHOP-2022-Photo-06-430x185.jpg"}],"twitter_card":"summary_large_image","twitter_misc":{"Est. reading time":"1 minute"},"schema":{"@context":"https:\/\/schema.org","@graph":[{"@type":"WebPage","@id":"https:\/\/www.pole-avenia.com\/fr\/nos-programmes\/earth-2\/","url":"https:\/\/www.pole-avenia.com\/fr\/nos-programmes\/earth-2\/","name":"earth2","isPartOf":{"@id":"https:\/\/www.pole-avenia.com\/fr\/#website"},"primaryImageOfPage":{"@id":"https:\/\/www.pole-avenia.com\/fr\/nos-programmes\/earth-2\/#primaryimage"},"image":{"@id":"https:\/\/www.pole-avenia.com\/fr\/nos-programmes\/earth-2\/#primaryimage"},"thumbnailUrl":"https:\/\/www.pole-avenia.com\/wp-content\/uploads\/2025\/06\/EARTH2-WORKSHOP-2022-Photo-06-430x185.jpg","datePublished":"2024-04-17T18:19:43+00:00","dateModified":"2026-01-21T15:45:26+00:00","breadcrumb":{"@id":"https:\/\/www.pole-avenia.com\/fr\/nos-programmes\/earth-2\/#breadcrumb"},"inLanguage":"fr-FR","potentialAction":[{"@type":"ReadAction","target":["https:\/\/www.pole-avenia.com\/fr\/nos-programmes\/earth-2\/"]}]},{"@type":"ImageObject","inLanguage":"fr-FR","@id":"https:\/\/www.pole-avenia.com\/fr\/nos-programmes\/earth-2\/#primaryimage","url":"https:\/\/www.pole-avenia.com\/wp-content\/uploads\/2025\/06\/EARTH2-WORKSHOP-2022-Photo-06-430x185.jpg","contentUrl":"https:\/\/www.pole-avenia.com\/wp-content\/uploads\/2025\/06\/EARTH2-WORKSHOP-2022-Photo-06-430x185.jpg"},{"@type":"BreadcrumbList","@id":"https:\/\/www.pole-avenia.com\/fr\/nos-programmes\/earth-2\/#breadcrumb","itemListElement":[{"@type":"ListItem","position":1,"name":"Home","item":"https:\/\/www.pole-avenia.com\/fr\/"},{"@type":"ListItem","position":2,"name":"Nos programmes","item":"https:\/\/www.pole-avenia.com\/fr\/nos-programmes\/"},{"@type":"ListItem","position":3,"name":"earth2"}]},{"@type":"WebSite","@id":"https:\/\/www.pole-avenia.com\/fr\/#website","url":"https:\/\/www.pole-avenia.com\/fr\/","name":"P\u00f4le AVENIA","description":"","publisher":{"@id":"https:\/\/www.pole-avenia.com\/fr\/#organization"},"potentialAction":[{"@type":"SearchAction","target":{"@type":"EntryPoint","urlTemplate":"https:\/\/www.pole-avenia.com\/fr\/?s={search_term_string}"},"query-input":"required name=search_term_string"}],"inLanguage":"fr-FR"},{"@type":"Organization","@id":"https:\/\/www.pole-avenia.com\/fr\/#organization","name":"P\u00f4le AVENIA","url":"https:\/\/www.pole-avenia.com\/fr\/","logo":{"@type":"ImageObject","inLanguage":"fr-FR","@id":"https:\/\/www.pole-avenia.com\/fr\/#\/schema\/logo\/image\/","url":"https:\/\/www.pole-avenia.com\/wp-content\/uploads\/2024\/05\/logo-avenia-icon.png","contentUrl":"https:\/\/www.pole-avenia.com\/wp-content\/uploads\/2024\/05\/logo-avenia-icon.png","width":700,"height":700,"caption":"P\u00f4le AVENIA"},"image":{"@id":"https:\/\/www.pole-avenia.com\/fr\/#\/schema\/logo\/image\/"},"sameAs":["https:\/\/www.linkedin.com\/company\/pole-avenia\/","https:\/\/www.youtube.com\/@poleavenia6865","https:\/\/www.instagram.com\/poleavenia\/"]}]}},"_links":{"self":[{"href":"https:\/\/www.pole-avenia.com\/fr\/wp-json\/wp\/v2\/pages\/391"}],"collection":[{"href":"https:\/\/www.pole-avenia.com\/fr\/wp-json\/wp\/v2\/pages"}],"about":[{"href":"https:\/\/www.pole-avenia.com\/fr\/wp-json\/wp\/v2\/types\/page"}],"author":[{"embeddable":true,"href":"https:\/\/www.pole-avenia.com\/fr\/wp-json\/wp\/v2\/users\/1"}],"replies":[{"embeddable":true,"href":"https:\/\/www.pole-avenia.com\/fr\/wp-json\/wp\/v2\/comments?post=391"}],"version-history":[{"count":139,"href":"https:\/\/www.pole-avenia.com\/fr\/wp-json\/wp\/v2\/pages\/391\/revisions"}],"predecessor-version":[{"id":3726,"href":"https:\/\/www.pole-avenia.com\/fr\/wp-json\/wp\/v2\/pages\/391\/revisions\/3726"}],"up":[{"embeddable":true,"href":"https:\/\/www.pole-avenia.com\/fr\/wp-json\/wp\/v2\/pages\/389"}],"wp:attachment":[{"href":"https:\/\/www.pole-avenia.com\/fr\/wp-json\/wp\/v2\/media?parent=391"}],"wp:term":[{"taxonomy":"pays","embeddable":true,"href":"https:\/\/www.pole-avenia.com\/fr\/wp-json\/wp\/v2\/pays?post=391"},{"taxonomy":"types-de-partenaires","embeddable":true,"href":"https:\/\/www.pole-avenia.com\/fr\/wp-json\/wp\/v2\/types-de-partenaires?post=391"}],"curies":[{"name":"wp","href":"https:\/\/api.w.org\/{rel}","templated":true}]}}