{"id":430,"date":"2024-04-18T18:37:19","date_gmt":"2024-04-18T16:37:19","guid":{"rendered":"https:\/\/www.pole-avenia.com\/\/?page_id=430"},"modified":"2024-12-27T09:34:36","modified_gmt":"2024-12-27T08:34:36","slug":"une-idee-de-projet-a-nous-partager","status":"publish","type":"page","link":"https:\/\/www.pole-avenia.com\/fr\/les-projets\/une-idee-de-projet-a-nous-partager\/","title":{"rendered":"Une id\u00e9e de projet \u00e0 nous partager ?"},"content":{"rendered":"\t\t<div data-elementor-type=\"wp-page\" data-elementor-id=\"430\" class=\"elementor elementor-430\">\n\t\t\t\t<div class=\"elementor-element elementor-element-48ff2ba e-flex e-con-boxed e-con e-parent\" data-id=\"48ff2ba\" data-element_type=\"container\" data-settings=\"{&quot;container_type&quot;:&quot;flex&quot;,&quot;content_width&quot;:&quot;boxed&quot;}\" data-core-v316-plus=\"true\">\n\t\t\t\t\t<div class=\"e-con-inner\">\n\t\t\t\t<div class=\"elementor-element elementor-element-f17bf2e elementor-widget elementor-widget-ucaddon_avenia_hero\" data-id=\"f17bf2e\" data-element_type=\"widget\" data-widget_type=\"ucaddon_avenia_hero.default\">\n\t\t\t\t<div class=\"elementor-widget-container\">\n\t\t\t\n<!-- start Avenia - Hero -->\n\t\t<link id='fancybox-css' href='https:\/\/www.pole-avenia.com\/wp-content\/plugins\/unlimited-elements-for-elementor-premium\/assets_libraries\/fancybox3\/jquery.fancybox.min.css' type='text\/css' rel='stylesheet' >\n\n\n<div class=\"avenia_hero-global \">\n  <div class=\"item-list\">\n    <div class=\"item-contenu\">\n      <span class=\"avenia_text--category\">Proposer un projet<\/span>\n      <h1 class=\"avenia_title--1\">Une id\u00e9e de projet \u00e0 nous partager ?<\/h1>\n      <span class=\"avenia_title--4\"><p>Vous avez une id\u00e9e de projet de recherche et d\u00e9veloppement dans le domaine des industries du sous-sol ?\u2028AVENIA est \u00e0 votre \u00e9coute. Remplissez simplement notre formulaire de soumission de projet et discutons-en ensemble.<\/p><\/span>\n      \n            <div class=\"item_align\">\n                <a href=\"\/fr\/les-projets\/proposer-un-projet\/\" class=\"avenia_button size-lg color-lightgreen\">\n          <div class=\"bt-wrap\">\n            <span class=\"top\">Proposer un projet<\/span>\n            <span class=\"bottom\">Proposer un projet<\/span>\n          <\/div>\n        <\/a>\n                      <\/div>\n          <\/div>\n    <div class=\"item-image \">\n                <img decoding=\"async\" src=\"https:\/\/www.pole-avenia.com\/wp-content\/uploads\/2024\/04\/image-projet.jpg\" alt=\"\"\/>\n            <\/div>\n  <\/div>\n<\/div>\n<!-- end Avenia - Hero -->\t\t<\/div>\n\t\t\t\t<\/div>\n\t\t\t\t<div class=\"elementor-element elementor-element-fcf3424 elementor-widget elementor-widget-ucaddon_avenia_procedure\" data-id=\"fcf3424\" data-element_type=\"widget\" data-widget_type=\"ucaddon_avenia_procedure.default\">\n\t\t\t\t<div class=\"elementor-widget-container\">\n\t\t\t\n<!-- start Avenia - Proc\u00e9dure -->\n\n<div class=\"avenia_procedure bg-grey\">\n  <div class=\"procedure-bloc\">\n    <h2 class=\"avenia_title--3\">Proc\u00e9dure AVENIA<\/h2>\n    <div class=\"list-items\">\n     <div class=\"item\">\n  <div class=\"number avenia_title--3\">01<\/div>\n  <div class=\"titre fw-600\">Formulaire de soumission<\/div>\n  <div class=\"contenu text-grey600\">Commencez par remplir notre formulaire en ligne d\u00e9taillant votre id\u00e9e de projet. Soyez aussi pr\u00e9cis que possible sur les objectifs, les avantages et les d\u00e9fis potentiels.<\/div>\n<\/div>\n<div class=\"item\">\n  <div class=\"number avenia_title--3\">02<\/div>\n  <div class=\"titre fw-600\">Analyse initiale<\/div>\n  <div class=\"contenu text-grey600\">Notre \u00e9quipe d'experts effectuera une analyse initiale de votre proposition pour \u00e9valuer son potentiel et sa pertinence par rapport \u00e0 nos domaines d'intervention.<\/div>\n<\/div>\n<div class=\"item\">\n  <div class=\"number avenia_title--3\">03<\/div>\n  <div class=\"titre fw-600\">Entretien collaboratif<\/div>\n  <div class=\"contenu text-grey600\">Si votre projet retient notre attention, nous organiserons un entretien pour discuter en d\u00e9tail de votre vision, clarifier certains points et explorer des opportunit\u00e9s de collaboration.<\/div>\n<\/div>\n<div class=\"item\">\n  <div class=\"number avenia_title--3\">04<\/div>\n  <div class=\"titre fw-600\">Retours contructifs<\/div>\n  <div class=\"contenu text-grey600\">Recevez des retours constructifs de notre part pour affiner et renforcer votre id\u00e9e. Nous croyons en une collaboration \u00e9troite pour maximiser le potentiel de chaque projet.<\/div>\n<\/div>\n<div class=\"item\">\n  <div class=\"number avenia_title--3\">05<\/div>\n  <div class=\"titre fw-600\">Mises en relation<\/div>\n  <div class=\"contenu text-grey600\">Pour les projets prometteurs, AVENIA facilitera des mises en relation avec des partenaires cl\u00e9s, des experts du secteur et d'autres acteurs influents pour favoriser la r\u00e9alisation concr\u00e8te de votre vision.<\/div>\n<\/div>\n<div class=\"item\">\n  <div class=\"number avenia_title--3\">06<\/div>\n  <div class=\"titre fw-600\">Labellisation AVENIA<\/div>\n  <div class=\"contenu text-grey600\">Les projets exceptionnels pourront b\u00e9n\u00e9ficier de la labellisation AVENIA, un sceau de qualit\u00e9 qui atteste de l'innovation et du potentiel impact positif de votre initiative.<\/div>\n<\/div>\n\n    <\/div>\n        <div class=\"display-bl text-center\">\n      <a href=\"\/fr\/les-projets\/proposer-un-projet\/\" class=\"avenia_button size-lg color-lightgreen\">\n        <div class=\"bt-wrap\">\n          <span class=\"top\">Proposer un projet<\/span>\n          <span class=\"bottom\">Proposer un projet<\/span>\n        <\/div>\n      <\/a>\n    <\/div>\n      <\/div>\n<\/div>\n<!-- end Avenia - Proc\u00e9dure -->\t\t<\/div>\n\t\t\t\t<\/div>\n\t\t\t\t\t<\/div>\n\t\t\t\t<\/div>\n\t\t\t\t<\/div>\n\t\t","protected":false},"excerpt":{"rendered":"<p>Proposer un projet Une id\u00e9e de projet \u00e0 nous partager ? Vous avez une id\u00e9e de projet de recherche et d\u00e9veloppement dans le domaine des industries du sous-sol ?\u2028AVENIA est \u00e0 votre \u00e9coute. Remplissez simplement notre formulaire de soumission de projet et discutons-en ensemble. Proposer un projet Proposer un projet Proc\u00e9dure AVENIA 01 Formulaire de [&hellip;]<\/p>\n","protected":false},"author":1,"featured_media":0,"parent":444,"menu_order":0,"comment_status":"closed","ping_status":"closed","template":"page-defaut.php","meta":{"footnotes":""},"pays":[],"types-de-partenaires":[],"acf":[],"yoast_head":"<!-- This site is optimized with the Yoast SEO plugin v22.7 - https:\/\/yoast.com\/wordpress\/plugins\/seo\/ -->\n<title>Une id\u00e9e de projet \u00e0 nous partager ?<\/title>\n<meta name=\"robots\" content=\"index, follow, max-snippet:-1, max-image-preview:large, max-video-preview:-1\" \/>\n<link rel=\"canonical\" href=\"https:\/\/www.pole-avenia.com\/fr\/les-projets\/une-idee-de-projet-a-nous-partager\/\" \/>\n<meta property=\"og:locale\" content=\"fr_FR\" \/>\n<meta property=\"og:type\" content=\"article\" \/>\n<meta property=\"og:title\" content=\"Une id\u00e9e de projet \u00e0 nous partager ?\" \/>\n<meta property=\"og:description\" content=\"Proposer un projet Une id\u00e9e de projet \u00e0 nous partager ? Vous avez une id\u00e9e de projet de recherche et d\u00e9veloppement dans le domaine des industries du sous-sol ?\u2028AVENIA est \u00e0 votre \u00e9coute. Remplissez simplement notre formulaire de soumission de projet et discutons-en ensemble. Proposer un projet Proposer un projet Proc\u00e9dure AVENIA 01 Formulaire de [&hellip;]\" \/>\n<meta property=\"og:url\" content=\"https:\/\/www.pole-avenia.com\/fr\/les-projets\/une-idee-de-projet-a-nous-partager\/\" \/>\n<meta property=\"og:site_name\" content=\"P\u00f4le AVENIA\" \/>\n<meta property=\"article:modified_time\" content=\"2024-12-27T08:34:36+00:00\" \/>\n<meta property=\"og:image\" content=\"https:\/\/www.pole-avenia.com\/wp-content\/uploads\/2024\/04\/image-projet.jpg\" \/>\n<meta name=\"twitter:card\" content=\"summary_large_image\" \/>\n<meta name=\"twitter:label1\" content=\"Est. reading time\" \/>\n\t<meta name=\"twitter:data1\" content=\"1 minute\" \/>\n<script type=\"application\/ld+json\" class=\"yoast-schema-graph\">{\"@context\":\"https:\/\/schema.org\",\"@graph\":[{\"@type\":\"WebPage\",\"@id\":\"https:\/\/www.pole-avenia.com\/fr\/les-projets\/une-idee-de-projet-a-nous-partager\/\",\"url\":\"https:\/\/www.pole-avenia.com\/fr\/les-projets\/une-idee-de-projet-a-nous-partager\/\",\"name\":\"Une id\u00e9e de projet \u00e0 nous partager ?\",\"isPartOf\":{\"@id\":\"https:\/\/www.pole-avenia.com\/fr\/#website\"},\"primaryImageOfPage\":{\"@id\":\"https:\/\/www.pole-avenia.com\/fr\/les-projets\/une-idee-de-projet-a-nous-partager\/#primaryimage\"},\"image\":{\"@id\":\"https:\/\/www.pole-avenia.com\/fr\/les-projets\/une-idee-de-projet-a-nous-partager\/#primaryimage\"},\"thumbnailUrl\":\"https:\/\/www.pole-avenia.com\/wp-content\/uploads\/2024\/04\/image-projet.jpg\",\"datePublished\":\"2024-04-18T16:37:19+00:00\",\"dateModified\":\"2024-12-27T08:34:36+00:00\",\"breadcrumb\":{\"@id\":\"https:\/\/www.pole-avenia.com\/fr\/les-projets\/une-idee-de-projet-a-nous-partager\/#breadcrumb\"},\"inLanguage\":\"fr-FR\",\"potentialAction\":[{\"@type\":\"ReadAction\",\"target\":[\"https:\/\/www.pole-avenia.com\/fr\/les-projets\/une-idee-de-projet-a-nous-partager\/\"]}]},{\"@type\":\"ImageObject\",\"inLanguage\":\"fr-FR\",\"@id\":\"https:\/\/www.pole-avenia.com\/fr\/les-projets\/une-idee-de-projet-a-nous-partager\/#primaryimage\",\"url\":\"https:\/\/www.pole-avenia.com\/wp-content\/uploads\/2024\/04\/image-projet.jpg\",\"contentUrl\":\"https:\/\/www.pole-avenia.com\/wp-content\/uploads\/2024\/04\/image-projet.jpg\"},{\"@type\":\"BreadcrumbList\",\"@id\":\"https:\/\/www.pole-avenia.com\/fr\/les-projets\/une-idee-de-projet-a-nous-partager\/#breadcrumb\",\"itemListElement\":[{\"@type\":\"ListItem\",\"position\":1,\"name\":\"Home\",\"item\":\"https:\/\/www.pole-avenia.com\/fr\/\"},{\"@type\":\"ListItem\",\"position\":2,\"name\":\"Les projets\",\"item\":\"https:\/\/www.pole-avenia.com\/fr\/les-projets\/\"},{\"@type\":\"ListItem\",\"position\":3,\"name\":\"Une id\u00e9e de projet \u00e0 nous partager ?\"}]},{\"@type\":\"WebSite\",\"@id\":\"https:\/\/www.pole-avenia.com\/fr\/#website\",\"url\":\"https:\/\/www.pole-avenia.com\/fr\/\",\"name\":\"P\u00f4le AVENIA\",\"description\":\"\",\"publisher\":{\"@id\":\"https:\/\/www.pole-avenia.com\/fr\/#organization\"},\"potentialAction\":[{\"@type\":\"SearchAction\",\"target\":{\"@type\":\"EntryPoint\",\"urlTemplate\":\"https:\/\/www.pole-avenia.com\/fr\/?s={search_term_string}\"},\"query-input\":\"required name=search_term_string\"}],\"inLanguage\":\"fr-FR\"},{\"@type\":\"Organization\",\"@id\":\"https:\/\/www.pole-avenia.com\/fr\/#organization\",\"name\":\"P\u00f4le AVENIA\",\"url\":\"https:\/\/www.pole-avenia.com\/fr\/\",\"logo\":{\"@type\":\"ImageObject\",\"inLanguage\":\"fr-FR\",\"@id\":\"https:\/\/www.pole-avenia.com\/fr\/#\/schema\/logo\/image\/\",\"url\":\"https:\/\/www.pole-avenia.com\/wp-content\/uploads\/2024\/05\/logo-avenia-icon.png\",\"contentUrl\":\"https:\/\/www.pole-avenia.com\/wp-content\/uploads\/2024\/05\/logo-avenia-icon.png\",\"width\":700,\"height\":700,\"caption\":\"P\u00f4le AVENIA\"},\"image\":{\"@id\":\"https:\/\/www.pole-avenia.com\/fr\/#\/schema\/logo\/image\/\"},\"sameAs\":[\"https:\/\/www.linkedin.com\/company\/pole-avenia\/\",\"https:\/\/www.youtube.com\/@poleavenia6865\",\"https:\/\/www.instagram.com\/poleavenia\/\"]}]}<\/script>\n<!-- \/ Yoast SEO plugin. -->","yoast_head_json":{"title":"Une id\u00e9e de projet \u00e0 nous partager ?","robots":{"index":"index","follow":"follow","max-snippet":"max-snippet:-1","max-image-preview":"max-image-preview:large","max-video-preview":"max-video-preview:-1"},"canonical":"https:\/\/www.pole-avenia.com\/fr\/les-projets\/une-idee-de-projet-a-nous-partager\/","og_locale":"fr_FR","og_type":"article","og_title":"Une id\u00e9e de projet \u00e0 nous partager ?","og_description":"Proposer un projet Une id\u00e9e de projet \u00e0 nous partager ? Vous avez une id\u00e9e de projet de recherche et d\u00e9veloppement dans le domaine des industries du sous-sol ?\u2028AVENIA est \u00e0 votre \u00e9coute. Remplissez simplement notre formulaire de soumission de projet et discutons-en ensemble. Proposer un projet Proposer un projet Proc\u00e9dure AVENIA 01 Formulaire de [&hellip;]","og_url":"https:\/\/www.pole-avenia.com\/fr\/les-projets\/une-idee-de-projet-a-nous-partager\/","og_site_name":"P\u00f4le AVENIA","article_modified_time":"2024-12-27T08:34:36+00:00","og_image":[{"url":"https:\/\/www.pole-avenia.com\/wp-content\/uploads\/2024\/04\/image-projet.jpg"}],"twitter_card":"summary_large_image","twitter_misc":{"Est. reading time":"1 minute"},"schema":{"@context":"https:\/\/schema.org","@graph":[{"@type":"WebPage","@id":"https:\/\/www.pole-avenia.com\/fr\/les-projets\/une-idee-de-projet-a-nous-partager\/","url":"https:\/\/www.pole-avenia.com\/fr\/les-projets\/une-idee-de-projet-a-nous-partager\/","name":"Une id\u00e9e de projet \u00e0 nous partager ?","isPartOf":{"@id":"https:\/\/www.pole-avenia.com\/fr\/#website"},"primaryImageOfPage":{"@id":"https:\/\/www.pole-avenia.com\/fr\/les-projets\/une-idee-de-projet-a-nous-partager\/#primaryimage"},"image":{"@id":"https:\/\/www.pole-avenia.com\/fr\/les-projets\/une-idee-de-projet-a-nous-partager\/#primaryimage"},"thumbnailUrl":"https:\/\/www.pole-avenia.com\/wp-content\/uploads\/2024\/04\/image-projet.jpg","datePublished":"2024-04-18T16:37:19+00:00","dateModified":"2024-12-27T08:34:36+00:00","breadcrumb":{"@id":"https:\/\/www.pole-avenia.com\/fr\/les-projets\/une-idee-de-projet-a-nous-partager\/#breadcrumb"},"inLanguage":"fr-FR","potentialAction":[{"@type":"ReadAction","target":["https:\/\/www.pole-avenia.com\/fr\/les-projets\/une-idee-de-projet-a-nous-partager\/"]}]},{"@type":"ImageObject","inLanguage":"fr-FR","@id":"https:\/\/www.pole-avenia.com\/fr\/les-projets\/une-idee-de-projet-a-nous-partager\/#primaryimage","url":"https:\/\/www.pole-avenia.com\/wp-content\/uploads\/2024\/04\/image-projet.jpg","contentUrl":"https:\/\/www.pole-avenia.com\/wp-content\/uploads\/2024\/04\/image-projet.jpg"},{"@type":"BreadcrumbList","@id":"https:\/\/www.pole-avenia.com\/fr\/les-projets\/une-idee-de-projet-a-nous-partager\/#breadcrumb","itemListElement":[{"@type":"ListItem","position":1,"name":"Home","item":"https:\/\/www.pole-avenia.com\/fr\/"},{"@type":"ListItem","position":2,"name":"Les projets","item":"https:\/\/www.pole-avenia.com\/fr\/les-projets\/"},{"@type":"ListItem","position":3,"name":"Une id\u00e9e de projet \u00e0 nous partager ?"}]},{"@type":"WebSite","@id":"https:\/\/www.pole-avenia.com\/fr\/#website","url":"https:\/\/www.pole-avenia.com\/fr\/","name":"P\u00f4le AVENIA","description":"","publisher":{"@id":"https:\/\/www.pole-avenia.com\/fr\/#organization"},"potentialAction":[{"@type":"SearchAction","target":{"@type":"EntryPoint","urlTemplate":"https:\/\/www.pole-avenia.com\/fr\/?s={search_term_string}"},"query-input":"required name=search_term_string"}],"inLanguage":"fr-FR"},{"@type":"Organization","@id":"https:\/\/www.pole-avenia.com\/fr\/#organization","name":"P\u00f4le AVENIA","url":"https:\/\/www.pole-avenia.com\/fr\/","logo":{"@type":"ImageObject","inLanguage":"fr-FR","@id":"https:\/\/www.pole-avenia.com\/fr\/#\/schema\/logo\/image\/","url":"https:\/\/www.pole-avenia.com\/wp-content\/uploads\/2024\/05\/logo-avenia-icon.png","contentUrl":"https:\/\/www.pole-avenia.com\/wp-content\/uploads\/2024\/05\/logo-avenia-icon.png","width":700,"height":700,"caption":"P\u00f4le AVENIA"},"image":{"@id":"https:\/\/www.pole-avenia.com\/fr\/#\/schema\/logo\/image\/"},"sameAs":["https:\/\/www.linkedin.com\/company\/pole-avenia\/","https:\/\/www.youtube.com\/@poleavenia6865","https:\/\/www.instagram.com\/poleavenia\/"]}]}},"_links":{"self":[{"href":"https:\/\/www.pole-avenia.com\/fr\/wp-json\/wp\/v2\/pages\/430"}],"collection":[{"href":"https:\/\/www.pole-avenia.com\/fr\/wp-json\/wp\/v2\/pages"}],"about":[{"href":"https:\/\/www.pole-avenia.com\/fr\/wp-json\/wp\/v2\/types\/page"}],"author":[{"embeddable":true,"href":"https:\/\/www.pole-avenia.com\/fr\/wp-json\/wp\/v2\/users\/1"}],"replies":[{"embeddable":true,"href":"https:\/\/www.pole-avenia.com\/fr\/wp-json\/wp\/v2\/comments?post=430"}],"version-history":[{"count":21,"href":"https:\/\/www.pole-avenia.com\/fr\/wp-json\/wp\/v2\/pages\/430\/revisions"}],"predecessor-version":[{"id":3077,"href":"https:\/\/www.pole-avenia.com\/fr\/wp-json\/wp\/v2\/pages\/430\/revisions\/3077"}],"up":[{"embeddable":true,"href":"https:\/\/www.pole-avenia.com\/fr\/wp-json\/wp\/v2\/pages\/444"}],"wp:attachment":[{"href":"https:\/\/www.pole-avenia.com\/fr\/wp-json\/wp\/v2\/media?parent=430"}],"wp:term":[{"taxonomy":"pays","embeddable":true,"href":"https:\/\/www.pole-avenia.com\/fr\/wp-json\/wp\/v2\/pays?post=430"},{"taxonomy":"types-de-partenaires","embeddable":true,"href":"https:\/\/www.pole-avenia.com\/fr\/wp-json\/wp\/v2\/types-de-partenaires?post=430"}],"curies":[{"name":"wp","href":"https:\/\/api.w.org\/{rel}","templated":true}]}}