{"id":449,"date":"2024-04-18T18:44:11","date_gmt":"2024-04-18T16:44:11","guid":{"rendered":"https:\/\/www.pole-avenia.com\/\/?page_id=449"},"modified":"2025-11-28T13:53:05","modified_gmt":"2025-11-28T12:53:05","slug":"vous-souhaitez-faire-labelliser-votre-projet","status":"publish","type":"page","link":"https:\/\/www.pole-avenia.com\/fr\/les-projets\/vous-souhaitez-faire-labelliser-votre-projet\/","title":{"rendered":"Vous souhaitez faire labelliser votre projet ?"},"content":{"rendered":"\t\t<div data-elementor-type=\"wp-page\" data-elementor-id=\"449\" class=\"elementor elementor-449\">\n\t\t\t\t<div class=\"elementor-element elementor-element-c18b3b5 e-flex e-con-boxed e-con e-parent\" data-id=\"c18b3b5\" data-element_type=\"container\" data-settings=\"{&quot;container_type&quot;:&quot;flex&quot;,&quot;content_width&quot;:&quot;boxed&quot;}\" data-core-v316-plus=\"true\">\n\t\t\t\t\t<div class=\"e-con-inner\">\n\t\t\t\t<div class=\"elementor-element elementor-element-a27f907 elementor-widget elementor-widget-ucaddon_avenia_hero\" data-id=\"a27f907\" data-element_type=\"widget\" data-widget_type=\"ucaddon_avenia_hero.default\">\n\t\t\t\t<div class=\"elementor-widget-container\">\n\t\t\t\n<!-- start Avenia - Hero -->\n\t\t<link id='fancybox-css' href='https:\/\/www.pole-avenia.com\/wp-content\/plugins\/unlimited-elements-for-elementor-premium\/assets_libraries\/fancybox3\/jquery.fancybox.min.css' type='text\/css' rel='stylesheet' >\n\n\n<div class=\"avenia_hero-global \">\n  <div class=\"item-list\">\n    <div class=\"item-contenu\">\n      <span class=\"avenia_text--category\">Labelliser un projet<\/span>\n      <h1 class=\"avenia_title--1\">Vous souhaitez faire labelliser votre projet ?<\/h1>\n      <span class=\"avenia_title--4\">La labellisation des projets est un atout pour les porteurs de projets en garantissant leur qualit\u00e9 et leur ad\u00e9quation avec un certain nombre de crit\u00e8res d\u00e9finis tels que :\n<ul>\n<li>La coh\u00e9rence avec la feuille de route d\u2019AVENIA<\/li>\n<li>Int\u00e9r\u00eat technique et faisabilit\u00e9<\/li>\n<li>Retomb\u00e9es \u00e9conomiques et comp\u00e9titivit\u00e9<\/li>\n<li>Structuration du projet<\/li>\n<\/ul><\/span>\n      \n            <div class=\"item_align\">\n                <a href=\"https:\/\/www.pole-avenia.com\/fr\/osez-linnovation-contactez-avenia\/\" class=\"avenia_button size-lg color-lightgreen\">\n          <div class=\"bt-wrap\">\n            <span class=\"top\">Labelliser un projet<\/span>\n            <span class=\"bottom\">Labelliser un projet<\/span>\n          <\/div>\n        <\/a>\n                      <\/div>\n          <\/div>\n    <div class=\"item-image \">\n                <img decoding=\"async\" src=\"https:\/\/www.pole-avenia.com\/wp-content\/uploads\/2024\/04\/image-labelisation.jpg\" alt=\"\"\/>\n            <\/div>\n  <\/div>\n<\/div>\n<!-- end Avenia - Hero -->\t\t<\/div>\n\t\t\t\t<\/div>\n\t\t\t\t<div class=\"elementor-element elementor-element-603940d elementor-widget elementor-widget-ucaddon_chiffre\" data-id=\"603940d\" data-element_type=\"widget\" data-widget_type=\"ucaddon_chiffre.default\">\n\t\t\t\t<div class=\"elementor-widget-container\">\n\t\t\t\n<!-- start Avenia - Chiffre -->\n\n<div class=\"avenia_chiffre bg-darkgreen\" id=\"uc_chiffre_elementor_603940d\">\n <div class=\"chiffre_bloc\">\n    <span class=\"avenia_title--big decompte\" data-max=\"280\">-<\/span>\n    <span class=\"bloc-text\">Membres affili\u00e9s au p\u00f4le<\/span>\n<\/div>\n<div class=\"chiffre_bloc\">\n    <span class=\"avenia_title--big decompte\" data-max=\"150\">-<\/span>\n    <span class=\"bloc-text\">Projets labellis\u00e9s<\/span>\n<\/div>\n<div class=\"chiffre_bloc\">\n    <span class=\"avenia_title--big decompte\" data-max=\"75\">-<\/span>\n    <span class=\"bloc-text\">Projets financ\u00e9s<\/span>\n<\/div>\n<div class=\"chiffre_bloc\">\n    <span class=\"avenia_title--big decompte\" data-max=\"127\">-<\/span>\n    <span class=\"bloc-text\">M\u20ac de projets financ\u00e9s<\/span>\n<\/div>\n <\/div>\n<!-- end Avenia - Chiffre -->\t\t<\/div>\n\t\t\t\t<\/div>\n\t\t\t\t<div class=\"elementor-element elementor-element-4a7d6f7 elementor-widget elementor-widget-ucaddon_avenia_procedure\" data-id=\"4a7d6f7\" data-element_type=\"widget\" data-widget_type=\"ucaddon_avenia_procedure.default\">\n\t\t\t\t<div class=\"elementor-widget-container\">\n\t\t\t\n<!-- start Avenia - Proc\u00e9dure -->\n\n<div class=\"avenia_procedure bg-grey\">\n  <div class=\"procedure-bloc\">\n    <h2 class=\"avenia_title--3\">Proc\u00e9dure AVENIA<\/h2>\n    <div class=\"list-items\">\n     <div class=\"item\">\n  <div class=\"number avenia_title--3\">01<\/div>\n  <div class=\"titre fw-600\">Un entretien pr\u00e9alable<\/div>\n  <div class=\"contenu text-grey600\">Rencontrez un membre de l\u2019\u00e9quipe<\/div>\n<\/div>\n<div class=\"item\">\n  <div class=\"number avenia_title--3\">02<\/div>\n  <div class=\"titre fw-600\">Adh\u00e9sion \u00e0 AVENIA<\/div>\n  <div class=\"contenu text-grey600\">Le porteur du projet devient adh\u00e9rant d\u2019AVENIA<\/div>\n<\/div>\n<div class=\"item\">\n  <div class=\"number avenia_title--3\">03<\/div>\n  <div class=\"titre fw-600\">Constitution du dossier<\/div>\n  <div class=\"contenu text-grey600\">Nous vous accompagnons dans la construction de votre dossier n\u00e9cessaire \u00e0 la demande de labellisation<\/div>\n<\/div>\n<div class=\"item\">\n  <div class=\"number avenia_title--3\">04<\/div>\n  <div class=\"titre fw-600\">\u00c9valuation<\/div>\n  <div class=\"contenu text-grey600\">Un comit\u00e9 d\u2019expert ind\u00e9pendant \u00e9value votre dossier<\/div>\n<\/div>\n<div class=\"item\">\n  <div class=\"number avenia_title--3\">05<\/div>\n  <div class=\"titre fw-600\">D\u00e9cision finale<\/div>\n  <div class=\"contenu text-grey600\">La Direction d\u2019AVENIA prend la d\u00e9cision finale de labellisation<\/div>\n<\/div>\n<div class=\"item\">\n  <div class=\"number avenia_title--3\">06<\/div>\n  <div class=\"titre fw-600\">Remise de la labellisation<\/div>\n  <div class=\"contenu text-grey600\">Le label pour votre projet vous sera remis officiellement<\/div>\n<\/div>\n\n    <\/div>\n        <div class=\"display-bl text-center\">\n      <a href=\"#\" class=\"avenia_button size-lg color-lightgreen\">\n        <div class=\"bt-wrap\">\n          <span class=\"top\">Labelliser un projet<\/span>\n          <span class=\"bottom\">Labelliser un projet<\/span>\n        <\/div>\n      <\/a>\n    <\/div>\n      <\/div>\n<\/div>\n<!-- end Avenia - Proc\u00e9dure -->\t\t<\/div>\n\t\t\t\t<\/div>\n\t\t\t\t\t<\/div>\n\t\t\t\t<\/div>\n\t\t\t\t<\/div>\n\t\t","protected":false},"excerpt":{"rendered":"<p>Labelliser un projet Vous souhaitez faire labelliser votre projet ? La labellisation des projets est un atout pour les porteurs de projets en garantissant leur qualit\u00e9 et leur ad\u00e9quation avec un certain nombre de crit\u00e8res d\u00e9finis tels que : La coh\u00e9rence avec la feuille de route d\u2019AVENIA Int\u00e9r\u00eat technique et faisabilit\u00e9 Retomb\u00e9es \u00e9conomiques et comp\u00e9titivit\u00e9 [&hellip;]<\/p>\n","protected":false},"author":1,"featured_media":0,"parent":444,"menu_order":0,"comment_status":"closed","ping_status":"closed","template":"page-defaut.php","meta":{"footnotes":""},"pays":[],"types-de-partenaires":[],"acf":[],"yoast_head":"<!-- This site is optimized with the Yoast SEO plugin v22.7 - https:\/\/yoast.com\/wordpress\/plugins\/seo\/ -->\n<title>Vous souhaitez faire labelliser votre projet ?<\/title>\n<meta name=\"robots\" content=\"index, follow, max-snippet:-1, max-image-preview:large, max-video-preview:-1\" \/>\n<link rel=\"canonical\" href=\"https:\/\/www.pole-avenia.com\/fr\/les-projets\/vous-souhaitez-faire-labelliser-votre-projet\/\" \/>\n<meta property=\"og:locale\" content=\"fr_FR\" \/>\n<meta property=\"og:type\" content=\"article\" \/>\n<meta property=\"og:title\" content=\"Vous souhaitez faire labelliser votre projet ?\" \/>\n<meta property=\"og:description\" content=\"Labelliser un projet Vous souhaitez faire labelliser votre projet ? La labellisation des projets est un atout pour les porteurs de projets en garantissant leur qualit\u00e9 et leur ad\u00e9quation avec un certain nombre de crit\u00e8res d\u00e9finis tels que : La coh\u00e9rence avec la feuille de route d\u2019AVENIA Int\u00e9r\u00eat technique et faisabilit\u00e9 Retomb\u00e9es \u00e9conomiques et comp\u00e9titivit\u00e9 [&hellip;]\" \/>\n<meta property=\"og:url\" content=\"https:\/\/www.pole-avenia.com\/fr\/les-projets\/vous-souhaitez-faire-labelliser-votre-projet\/\" \/>\n<meta property=\"og:site_name\" content=\"P\u00f4le AVENIA\" \/>\n<meta property=\"article:modified_time\" content=\"2025-11-28T12:53:05+00:00\" \/>\n<meta property=\"og:image\" content=\"https:\/\/www.pole-avenia.com\/wp-content\/uploads\/2024\/04\/image-labelisation.jpg\" \/>\n<meta name=\"twitter:card\" content=\"summary_large_image\" \/>\n<meta name=\"twitter:label1\" content=\"Est. reading time\" \/>\n\t<meta name=\"twitter:data1\" content=\"1 minute\" \/>\n<script type=\"application\/ld+json\" class=\"yoast-schema-graph\">{\"@context\":\"https:\/\/schema.org\",\"@graph\":[{\"@type\":\"WebPage\",\"@id\":\"https:\/\/www.pole-avenia.com\/fr\/les-projets\/vous-souhaitez-faire-labelliser-votre-projet\/\",\"url\":\"https:\/\/www.pole-avenia.com\/fr\/les-projets\/vous-souhaitez-faire-labelliser-votre-projet\/\",\"name\":\"Vous souhaitez faire labelliser votre projet ?\",\"isPartOf\":{\"@id\":\"https:\/\/www.pole-avenia.com\/fr\/#website\"},\"primaryImageOfPage\":{\"@id\":\"https:\/\/www.pole-avenia.com\/fr\/les-projets\/vous-souhaitez-faire-labelliser-votre-projet\/#primaryimage\"},\"image\":{\"@id\":\"https:\/\/www.pole-avenia.com\/fr\/les-projets\/vous-souhaitez-faire-labelliser-votre-projet\/#primaryimage\"},\"thumbnailUrl\":\"https:\/\/www.pole-avenia.com\/wp-content\/uploads\/2024\/04\/image-labelisation.jpg\",\"datePublished\":\"2024-04-18T16:44:11+00:00\",\"dateModified\":\"2025-11-28T12:53:05+00:00\",\"breadcrumb\":{\"@id\":\"https:\/\/www.pole-avenia.com\/fr\/les-projets\/vous-souhaitez-faire-labelliser-votre-projet\/#breadcrumb\"},\"inLanguage\":\"fr-FR\",\"potentialAction\":[{\"@type\":\"ReadAction\",\"target\":[\"https:\/\/www.pole-avenia.com\/fr\/les-projets\/vous-souhaitez-faire-labelliser-votre-projet\/\"]}]},{\"@type\":\"ImageObject\",\"inLanguage\":\"fr-FR\",\"@id\":\"https:\/\/www.pole-avenia.com\/fr\/les-projets\/vous-souhaitez-faire-labelliser-votre-projet\/#primaryimage\",\"url\":\"https:\/\/www.pole-avenia.com\/wp-content\/uploads\/2024\/04\/image-labelisation.jpg\",\"contentUrl\":\"https:\/\/www.pole-avenia.com\/wp-content\/uploads\/2024\/04\/image-labelisation.jpg\"},{\"@type\":\"BreadcrumbList\",\"@id\":\"https:\/\/www.pole-avenia.com\/fr\/les-projets\/vous-souhaitez-faire-labelliser-votre-projet\/#breadcrumb\",\"itemListElement\":[{\"@type\":\"ListItem\",\"position\":1,\"name\":\"Home\",\"item\":\"https:\/\/www.pole-avenia.com\/fr\/\"},{\"@type\":\"ListItem\",\"position\":2,\"name\":\"Les projets\",\"item\":\"https:\/\/www.pole-avenia.com\/fr\/les-projets\/\"},{\"@type\":\"ListItem\",\"position\":3,\"name\":\"Vous souhaitez faire labelliser votre projet ?\"}]},{\"@type\":\"WebSite\",\"@id\":\"https:\/\/www.pole-avenia.com\/fr\/#website\",\"url\":\"https:\/\/www.pole-avenia.com\/fr\/\",\"name\":\"P\u00f4le AVENIA\",\"description\":\"\",\"publisher\":{\"@id\":\"https:\/\/www.pole-avenia.com\/fr\/#organization\"},\"potentialAction\":[{\"@type\":\"SearchAction\",\"target\":{\"@type\":\"EntryPoint\",\"urlTemplate\":\"https:\/\/www.pole-avenia.com\/fr\/?s={search_term_string}\"},\"query-input\":\"required name=search_term_string\"}],\"inLanguage\":\"fr-FR\"},{\"@type\":\"Organization\",\"@id\":\"https:\/\/www.pole-avenia.com\/fr\/#organization\",\"name\":\"P\u00f4le AVENIA\",\"url\":\"https:\/\/www.pole-avenia.com\/fr\/\",\"logo\":{\"@type\":\"ImageObject\",\"inLanguage\":\"fr-FR\",\"@id\":\"https:\/\/www.pole-avenia.com\/fr\/#\/schema\/logo\/image\/\",\"url\":\"https:\/\/www.pole-avenia.com\/wp-content\/uploads\/2024\/05\/logo-avenia-icon.png\",\"contentUrl\":\"https:\/\/www.pole-avenia.com\/wp-content\/uploads\/2024\/05\/logo-avenia-icon.png\",\"width\":700,\"height\":700,\"caption\":\"P\u00f4le AVENIA\"},\"image\":{\"@id\":\"https:\/\/www.pole-avenia.com\/fr\/#\/schema\/logo\/image\/\"},\"sameAs\":[\"https:\/\/www.linkedin.com\/company\/pole-avenia\/\",\"https:\/\/www.youtube.com\/@poleavenia6865\",\"https:\/\/www.instagram.com\/poleavenia\/\"]}]}<\/script>\n<!-- \/ Yoast SEO plugin. -->","yoast_head_json":{"title":"Vous souhaitez faire labelliser votre projet ?","robots":{"index":"index","follow":"follow","max-snippet":"max-snippet:-1","max-image-preview":"max-image-preview:large","max-video-preview":"max-video-preview:-1"},"canonical":"https:\/\/www.pole-avenia.com\/fr\/les-projets\/vous-souhaitez-faire-labelliser-votre-projet\/","og_locale":"fr_FR","og_type":"article","og_title":"Vous souhaitez faire labelliser votre projet ?","og_description":"Labelliser un projet Vous souhaitez faire labelliser votre projet ? La labellisation des projets est un atout pour les porteurs de projets en garantissant leur qualit\u00e9 et leur ad\u00e9quation avec un certain nombre de crit\u00e8res d\u00e9finis tels que : La coh\u00e9rence avec la feuille de route d\u2019AVENIA Int\u00e9r\u00eat technique et faisabilit\u00e9 Retomb\u00e9es \u00e9conomiques et comp\u00e9titivit\u00e9 [&hellip;]","og_url":"https:\/\/www.pole-avenia.com\/fr\/les-projets\/vous-souhaitez-faire-labelliser-votre-projet\/","og_site_name":"P\u00f4le AVENIA","article_modified_time":"2025-11-28T12:53:05+00:00","og_image":[{"url":"https:\/\/www.pole-avenia.com\/wp-content\/uploads\/2024\/04\/image-labelisation.jpg"}],"twitter_card":"summary_large_image","twitter_misc":{"Est. reading time":"1 minute"},"schema":{"@context":"https:\/\/schema.org","@graph":[{"@type":"WebPage","@id":"https:\/\/www.pole-avenia.com\/fr\/les-projets\/vous-souhaitez-faire-labelliser-votre-projet\/","url":"https:\/\/www.pole-avenia.com\/fr\/les-projets\/vous-souhaitez-faire-labelliser-votre-projet\/","name":"Vous souhaitez faire labelliser votre projet ?","isPartOf":{"@id":"https:\/\/www.pole-avenia.com\/fr\/#website"},"primaryImageOfPage":{"@id":"https:\/\/www.pole-avenia.com\/fr\/les-projets\/vous-souhaitez-faire-labelliser-votre-projet\/#primaryimage"},"image":{"@id":"https:\/\/www.pole-avenia.com\/fr\/les-projets\/vous-souhaitez-faire-labelliser-votre-projet\/#primaryimage"},"thumbnailUrl":"https:\/\/www.pole-avenia.com\/wp-content\/uploads\/2024\/04\/image-labelisation.jpg","datePublished":"2024-04-18T16:44:11+00:00","dateModified":"2025-11-28T12:53:05+00:00","breadcrumb":{"@id":"https:\/\/www.pole-avenia.com\/fr\/les-projets\/vous-souhaitez-faire-labelliser-votre-projet\/#breadcrumb"},"inLanguage":"fr-FR","potentialAction":[{"@type":"ReadAction","target":["https:\/\/www.pole-avenia.com\/fr\/les-projets\/vous-souhaitez-faire-labelliser-votre-projet\/"]}]},{"@type":"ImageObject","inLanguage":"fr-FR","@id":"https:\/\/www.pole-avenia.com\/fr\/les-projets\/vous-souhaitez-faire-labelliser-votre-projet\/#primaryimage","url":"https:\/\/www.pole-avenia.com\/wp-content\/uploads\/2024\/04\/image-labelisation.jpg","contentUrl":"https:\/\/www.pole-avenia.com\/wp-content\/uploads\/2024\/04\/image-labelisation.jpg"},{"@type":"BreadcrumbList","@id":"https:\/\/www.pole-avenia.com\/fr\/les-projets\/vous-souhaitez-faire-labelliser-votre-projet\/#breadcrumb","itemListElement":[{"@type":"ListItem","position":1,"name":"Home","item":"https:\/\/www.pole-avenia.com\/fr\/"},{"@type":"ListItem","position":2,"name":"Les projets","item":"https:\/\/www.pole-avenia.com\/fr\/les-projets\/"},{"@type":"ListItem","position":3,"name":"Vous souhaitez faire labelliser votre projet ?"}]},{"@type":"WebSite","@id":"https:\/\/www.pole-avenia.com\/fr\/#website","url":"https:\/\/www.pole-avenia.com\/fr\/","name":"P\u00f4le AVENIA","description":"","publisher":{"@id":"https:\/\/www.pole-avenia.com\/fr\/#organization"},"potentialAction":[{"@type":"SearchAction","target":{"@type":"EntryPoint","urlTemplate":"https:\/\/www.pole-avenia.com\/fr\/?s={search_term_string}"},"query-input":"required name=search_term_string"}],"inLanguage":"fr-FR"},{"@type":"Organization","@id":"https:\/\/www.pole-avenia.com\/fr\/#organization","name":"P\u00f4le AVENIA","url":"https:\/\/www.pole-avenia.com\/fr\/","logo":{"@type":"ImageObject","inLanguage":"fr-FR","@id":"https:\/\/www.pole-avenia.com\/fr\/#\/schema\/logo\/image\/","url":"https:\/\/www.pole-avenia.com\/wp-content\/uploads\/2024\/05\/logo-avenia-icon.png","contentUrl":"https:\/\/www.pole-avenia.com\/wp-content\/uploads\/2024\/05\/logo-avenia-icon.png","width":700,"height":700,"caption":"P\u00f4le AVENIA"},"image":{"@id":"https:\/\/www.pole-avenia.com\/fr\/#\/schema\/logo\/image\/"},"sameAs":["https:\/\/www.linkedin.com\/company\/pole-avenia\/","https:\/\/www.youtube.com\/@poleavenia6865","https:\/\/www.instagram.com\/poleavenia\/"]}]}},"_links":{"self":[{"href":"https:\/\/www.pole-avenia.com\/fr\/wp-json\/wp\/v2\/pages\/449"}],"collection":[{"href":"https:\/\/www.pole-avenia.com\/fr\/wp-json\/wp\/v2\/pages"}],"about":[{"href":"https:\/\/www.pole-avenia.com\/fr\/wp-json\/wp\/v2\/types\/page"}],"author":[{"embeddable":true,"href":"https:\/\/www.pole-avenia.com\/fr\/wp-json\/wp\/v2\/users\/1"}],"replies":[{"embeddable":true,"href":"https:\/\/www.pole-avenia.com\/fr\/wp-json\/wp\/v2\/comments?post=449"}],"version-history":[{"count":37,"href":"https:\/\/www.pole-avenia.com\/fr\/wp-json\/wp\/v2\/pages\/449\/revisions"}],"predecessor-version":[{"id":3634,"href":"https:\/\/www.pole-avenia.com\/fr\/wp-json\/wp\/v2\/pages\/449\/revisions\/3634"}],"up":[{"embeddable":true,"href":"https:\/\/www.pole-avenia.com\/fr\/wp-json\/wp\/v2\/pages\/444"}],"wp:attachment":[{"href":"https:\/\/www.pole-avenia.com\/fr\/wp-json\/wp\/v2\/media?parent=449"}],"wp:term":[{"taxonomy":"pays","embeddable":true,"href":"https:\/\/www.pole-avenia.com\/fr\/wp-json\/wp\/v2\/pays?post=449"},{"taxonomy":"types-de-partenaires","embeddable":true,"href":"https:\/\/www.pole-avenia.com\/fr\/wp-json\/wp\/v2\/types-de-partenaires?post=449"}],"curies":[{"name":"wp","href":"https:\/\/api.w.org\/{rel}","templated":true}]}}