{"id":635,"date":"2024-04-21T17:43:53","date_gmt":"2024-04-21T15:43:53","guid":{"rendered":"https:\/\/www.pole-avenia.com\/\/?page_id=635"},"modified":"2024-05-15T20:02:03","modified_gmt":"2024-05-15T18:02:03","slug":"proposer-un-projet","status":"publish","type":"page","link":"https:\/\/www.pole-avenia.com\/fr\/les-projets\/proposer-un-projet\/","title":{"rendered":"Proposer un projet"},"content":{"rendered":"\t\t<div data-elementor-type=\"wp-page\" data-elementor-id=\"635\" class=\"elementor elementor-635\">\n\t\t\t\t<div class=\"elementor-element elementor-element-ac1cf76 e-flex e-con-boxed e-con e-parent\" data-id=\"ac1cf76\" data-element_type=\"container\" data-settings=\"{&quot;container_type&quot;:&quot;flex&quot;,&quot;content_width&quot;:&quot;boxed&quot;}\" data-core-v316-plus=\"true\">\n\t\t\t\t\t<div class=\"e-con-inner\">\n\t\t\t\t<div class=\"elementor-element elementor-element-a7c95ca elementor-widget elementor-widget-ucaddon_avenia_hero_form\" data-id=\"a7c95ca\" data-element_type=\"widget\" data-widget_type=\"ucaddon_avenia_hero_form.default\">\n\t\t\t\t<div class=\"elementor-widget-container\">\n\t\t\t\n<!-- start Avenia - Hero Form -->\n\n<div class=\"avenia_hero-form\">\n  <div class=\"contenu-form\">\n    <a href=\"\" class=\"avenia_link link-reverse text-black display-bl\">Appels \u00e0 projet<i class=\"icon-arrow-left\"><\/i><\/a>\n    <h1 class=\"avenia_title--1\">Proposer un projet<\/h1>\n    <p class=\"text-black display-bl\">Lorem ipsum dolor sit amet, consectetur adipiscing elit. Ut et massa mi.Lorem ipsum dolor sit amet, consectetur adipiscing elit. Ut et massa mi.Lorem ipsum dolor sit amet, consectetur adipiscing elit. <\/p>\n    \n<div class=\"wpcf7 no-js\" id=\"wpcf7-f634-o1\" lang=\"fr-FR\" dir=\"ltr\">\n<div class=\"screen-reader-response\"><p role=\"status\" aria-live=\"polite\" aria-atomic=\"true\"><\/p> <ul><\/ul><\/div>\n<form action=\"\/fr\/wp-json\/wp\/v2\/pages\/635#wpcf7-f634-o1\" method=\"post\" class=\"wpcf7-form init\" aria-label=\"Contact form\" novalidate=\"novalidate\" data-status=\"init\">\n<div style=\"display: none;\">\n<input type=\"hidden\" name=\"_wpcf7\" value=\"634\" \/>\n<input type=\"hidden\" name=\"_wpcf7_version\" value=\"5.9.3\" \/>\n<input type=\"hidden\" name=\"_wpcf7_locale\" value=\"fr_FR\" \/>\n<input type=\"hidden\" name=\"_wpcf7_unit_tag\" value=\"wpcf7-f634-o1\" \/>\n<input type=\"hidden\" name=\"_wpcf7_container_post\" value=\"0\" \/>\n<input type=\"hidden\" name=\"_wpcf7_posted_data_hash\" value=\"\" \/>\n<\/div>\n<div class=\"bloc-form\">\n\t<div class=\"col-2\">\n\t\t<div>\n\t\t\t<p><span class=\"wpcf7-form-control-wrap\" data-name=\"nom-orga\"><input size=\"40\" class=\"wpcf7-form-control wpcf7-text wpcf7-validates-as-required\" aria-required=\"true\" aria-invalid=\"false\" value=\"\" type=\"text\" name=\"nom-orga\" \/><\/span><br \/>\n<span class=\"input-placeholder\">Nom de l'organisation *<\/span>\n\t\t\t<\/p>\n\t\t<\/div>\n\t\t<div>\n\t\t\t<p><span class=\"wpcf7-form-control-wrap\" data-name=\"nom-demandeur\"><input size=\"40\" class=\"wpcf7-form-control wpcf7-text wpcf7-validates-as-required\" aria-required=\"true\" aria-invalid=\"false\" value=\"\" type=\"text\" name=\"nom-demandeur\" \/><\/span><br \/>\n<span class=\"input-placeholder\">Nom du demandeur*<\/span>\n\t\t\t<\/p>\n\t\t<\/div>\n\t<\/div>\n\t<div class=\"col-2\">\n\t\t<div>\n\t\t\t<p><span class=\"wpcf7-form-control-wrap\" data-name=\"nom-email\"><input size=\"40\" class=\"wpcf7-form-control wpcf7-text wpcf7-validates-as-required\" aria-required=\"true\" aria-invalid=\"false\" value=\"\" type=\"text\" name=\"nom-email\" \/><\/span><br \/>\n<span class=\"input-placeholder\">Email*<\/span>\n\t\t\t<\/p>\n\t\t<\/div>\n\t\t<div>\n\t\t\t<p><span class=\"wpcf7-form-control-wrap\" data-name=\"domaine-recherche\"><input size=\"40\" class=\"wpcf7-form-control wpcf7-text wpcf7-validates-as-required\" aria-required=\"true\" aria-invalid=\"false\" value=\"\" type=\"text\" name=\"domaine-recherche\" \/><\/span><br \/>\n<span class=\"input-placeholder\">Domaine de recherche*<\/span>\n\t\t\t<\/p>\n\t\t<\/div>\n\t<\/div>\n\t<div class=\"col-1\">\n\t\t<p><span class=\"wpcf7-form-control-wrap\" data-name=\"resume-projet\"><textarea cols=\"40\" rows=\"10\" class=\"wpcf7-form-control wpcf7-textarea wpcf7-validates-as-required\" aria-required=\"true\" aria-invalid=\"false\" name=\"resume-projet\"><\/textarea><\/span><br \/>\n<span class=\"input-placeholder\">R\u00e9sum\u00e9 du projet*<\/span>\n\t\t<\/p>\n\t<\/div>\n\t<div class=\"col-1\">\n\t\t<p><span class=\"wpcf7-form-control-wrap\" data-name=\"select-partenaires\"><select class=\"wpcf7-form-control wpcf7-select wpcf7-validates-as-required\" aria-required=\"true\" aria-invalid=\"false\" name=\"select-partenaires\"><option value=\"\">&#8212;Please choose an option&#8212;<\/option><\/select><\/span><br \/>\n<select>\n <option value=\"\" disabled selected hidden>\n Vous \u00eates int\u00e9ress\u00e9s par*\n <\/option>\n <option value=\"option1\">Trouver des partenaires<\/option>\n <\/select>\n\t\t<\/p>\n\t<\/div>\n<\/div>\n<p><input class=\"wpcf7-form-control wpcf7-submit has-spinner tete\" type=\"submit\" value=\"Send\" \/><br \/>\n<button class=\"avenia_button size-lg color-lightgreen\"><br \/>\n<\/button>\n<\/p>\n<div class=\"bt-wrap\">\n\t<p><span class=\"top\">Sousmettre<\/span><br \/>\n<span class=\"bottom\">Sousmettre<\/span>\n\t<\/p>\n<\/div>\n<p class=\"text-grey400 display-bl\"><br \/>\n*Toutes les donn\u00e9es fournies seront trait\u00e9es avec la plus grande<br \/>\nconfiance et ne seront accessibles qu\u2019aux membres autoris\u00e9s de<br \/>\nl\u2019\u00e9quipe AVENIA charg\u00e9e de l\u2019\u00e9valuation des projets. Nous nous<br \/>\nengageons \u00e0 prot\u00e9ger vos informations et \u00e0 ne pas les partager avec<br \/>\ndes tiers sans votre consentement explicite.\n<\/p><div class=\"wpcf7-response-output\" aria-hidden=\"true\"><\/div>\n<\/form>\n<\/div>\n\n  <\/div>\n<\/div>\n<!-- end Avenia - Hero Form -->\t\t<\/div>\n\t\t\t\t<\/div>\n\t\t\t\t\t<\/div>\n\t\t\t\t<\/div>\n\t\t\t\t<\/div>\n\t\t","protected":false},"excerpt":{"rendered":"<p>Appels \u00e0 projet Proposer un projet Lorem ipsum dolor sit amet, consectetur adipiscing elit. Ut et massa mi.Lorem ipsum dolor sit amet, consectetur adipiscing elit. Ut et massa mi.Lorem ipsum dolor sit amet, consectetur adipiscing elit. Your name Your email Subject Your message (optional) Nom de l&rsquo;organisation * Nom du demandeur* Email* Domaine de recherche* [&hellip;]<\/p>\n","protected":false},"author":1,"featured_media":0,"parent":444,"menu_order":0,"comment_status":"closed","ping_status":"closed","template":"page-form.php","meta":{"footnotes":""},"pays":[],"types-de-partenaires":[],"acf":[],"yoast_head":"<!-- This site is optimized with the Yoast SEO plugin v22.7 - https:\/\/yoast.com\/wordpress\/plugins\/seo\/ -->\n<title>Proposer un projet<\/title>\n<meta name=\"robots\" content=\"index, follow, max-snippet:-1, max-image-preview:large, max-video-preview:-1\" \/>\n<link rel=\"canonical\" href=\"https:\/\/www.pole-avenia.com\/fr\/les-projets\/proposer-un-projet\/\" \/>\n<meta property=\"og:locale\" content=\"fr_FR\" \/>\n<meta property=\"og:type\" content=\"article\" \/>\n<meta property=\"og:title\" content=\"Proposer un projet\" \/>\n<meta property=\"og:description\" content=\"Appels \u00e0 projet Proposer un projet Lorem ipsum dolor sit amet, consectetur adipiscing elit. Ut et massa mi.Lorem ipsum dolor sit amet, consectetur adipiscing elit. Ut et massa mi.Lorem ipsum dolor sit amet, consectetur adipiscing elit. Your name Your email Subject Your message (optional) Nom de l&rsquo;organisation * Nom du demandeur* Email* Domaine de recherche* [&hellip;]\" \/>\n<meta property=\"og:url\" content=\"https:\/\/www.pole-avenia.com\/fr\/les-projets\/proposer-un-projet\/\" \/>\n<meta property=\"og:site_name\" content=\"P\u00f4le AVENIA\" \/>\n<meta property=\"article:modified_time\" content=\"2024-05-15T18:02:03+00:00\" \/>\n<meta name=\"twitter:card\" content=\"summary_large_image\" \/>\n<meta name=\"twitter:label1\" content=\"Est. reading time\" \/>\n\t<meta name=\"twitter:data1\" content=\"1 minute\" \/>\n<script type=\"application\/ld+json\" class=\"yoast-schema-graph\">{\"@context\":\"https:\/\/schema.org\",\"@graph\":[{\"@type\":\"WebPage\",\"@id\":\"https:\/\/www.pole-avenia.com\/fr\/les-projets\/proposer-un-projet\/\",\"url\":\"https:\/\/www.pole-avenia.com\/fr\/les-projets\/proposer-un-projet\/\",\"name\":\"Proposer un projet\",\"isPartOf\":{\"@id\":\"https:\/\/www.pole-avenia.com\/fr\/#website\"},\"datePublished\":\"2024-04-21T15:43:53+00:00\",\"dateModified\":\"2024-05-15T18:02:03+00:00\",\"breadcrumb\":{\"@id\":\"https:\/\/www.pole-avenia.com\/fr\/les-projets\/proposer-un-projet\/#breadcrumb\"},\"inLanguage\":\"fr-FR\",\"potentialAction\":[{\"@type\":\"ReadAction\",\"target\":[\"https:\/\/www.pole-avenia.com\/fr\/les-projets\/proposer-un-projet\/\"]}]},{\"@type\":\"BreadcrumbList\",\"@id\":\"https:\/\/www.pole-avenia.com\/fr\/les-projets\/proposer-un-projet\/#breadcrumb\",\"itemListElement\":[{\"@type\":\"ListItem\",\"position\":1,\"name\":\"Home\",\"item\":\"https:\/\/www.pole-avenia.com\/fr\/\"},{\"@type\":\"ListItem\",\"position\":2,\"name\":\"Les projets\",\"item\":\"https:\/\/www.pole-avenia.com\/fr\/les-projets\/\"},{\"@type\":\"ListItem\",\"position\":3,\"name\":\"Proposer un projet\"}]},{\"@type\":\"WebSite\",\"@id\":\"https:\/\/www.pole-avenia.com\/fr\/#website\",\"url\":\"https:\/\/www.pole-avenia.com\/fr\/\",\"name\":\"P\u00f4le AVENIA\",\"description\":\"\",\"publisher\":{\"@id\":\"https:\/\/www.pole-avenia.com\/fr\/#organization\"},\"potentialAction\":[{\"@type\":\"SearchAction\",\"target\":{\"@type\":\"EntryPoint\",\"urlTemplate\":\"https:\/\/www.pole-avenia.com\/fr\/?s={search_term_string}\"},\"query-input\":\"required name=search_term_string\"}],\"inLanguage\":\"fr-FR\"},{\"@type\":\"Organization\",\"@id\":\"https:\/\/www.pole-avenia.com\/fr\/#organization\",\"name\":\"P\u00f4le AVENIA\",\"url\":\"https:\/\/www.pole-avenia.com\/fr\/\",\"logo\":{\"@type\":\"ImageObject\",\"inLanguage\":\"fr-FR\",\"@id\":\"https:\/\/www.pole-avenia.com\/fr\/#\/schema\/logo\/image\/\",\"url\":\"https:\/\/www.pole-avenia.com\/wp-content\/uploads\/2024\/05\/logo-avenia-icon.png\",\"contentUrl\":\"https:\/\/www.pole-avenia.com\/wp-content\/uploads\/2024\/05\/logo-avenia-icon.png\",\"width\":700,\"height\":700,\"caption\":\"P\u00f4le AVENIA\"},\"image\":{\"@id\":\"https:\/\/www.pole-avenia.com\/fr\/#\/schema\/logo\/image\/\"},\"sameAs\":[\"https:\/\/www.linkedin.com\/company\/pole-avenia\/\",\"https:\/\/www.youtube.com\/@poleavenia6865\",\"https:\/\/www.instagram.com\/poleavenia\/\"]}]}<\/script>\n<!-- \/ Yoast SEO plugin. -->","yoast_head_json":{"title":"Proposer un projet","robots":{"index":"index","follow":"follow","max-snippet":"max-snippet:-1","max-image-preview":"max-image-preview:large","max-video-preview":"max-video-preview:-1"},"canonical":"https:\/\/www.pole-avenia.com\/fr\/les-projets\/proposer-un-projet\/","og_locale":"fr_FR","og_type":"article","og_title":"Proposer un projet","og_description":"Appels \u00e0 projet Proposer un projet Lorem ipsum dolor sit amet, consectetur adipiscing elit. Ut et massa mi.Lorem ipsum dolor sit amet, consectetur adipiscing elit. Ut et massa mi.Lorem ipsum dolor sit amet, consectetur adipiscing elit. Your name Your email Subject Your message (optional) Nom de l&rsquo;organisation * Nom du demandeur* Email* Domaine de recherche* [&hellip;]","og_url":"https:\/\/www.pole-avenia.com\/fr\/les-projets\/proposer-un-projet\/","og_site_name":"P\u00f4le AVENIA","article_modified_time":"2024-05-15T18:02:03+00:00","twitter_card":"summary_large_image","twitter_misc":{"Est. reading time":"1 minute"},"schema":{"@context":"https:\/\/schema.org","@graph":[{"@type":"WebPage","@id":"https:\/\/www.pole-avenia.com\/fr\/les-projets\/proposer-un-projet\/","url":"https:\/\/www.pole-avenia.com\/fr\/les-projets\/proposer-un-projet\/","name":"Proposer un projet","isPartOf":{"@id":"https:\/\/www.pole-avenia.com\/fr\/#website"},"datePublished":"2024-04-21T15:43:53+00:00","dateModified":"2024-05-15T18:02:03+00:00","breadcrumb":{"@id":"https:\/\/www.pole-avenia.com\/fr\/les-projets\/proposer-un-projet\/#breadcrumb"},"inLanguage":"fr-FR","potentialAction":[{"@type":"ReadAction","target":["https:\/\/www.pole-avenia.com\/fr\/les-projets\/proposer-un-projet\/"]}]},{"@type":"BreadcrumbList","@id":"https:\/\/www.pole-avenia.com\/fr\/les-projets\/proposer-un-projet\/#breadcrumb","itemListElement":[{"@type":"ListItem","position":1,"name":"Home","item":"https:\/\/www.pole-avenia.com\/fr\/"},{"@type":"ListItem","position":2,"name":"Les projets","item":"https:\/\/www.pole-avenia.com\/fr\/les-projets\/"},{"@type":"ListItem","position":3,"name":"Proposer un projet"}]},{"@type":"WebSite","@id":"https:\/\/www.pole-avenia.com\/fr\/#website","url":"https:\/\/www.pole-avenia.com\/fr\/","name":"P\u00f4le AVENIA","description":"","publisher":{"@id":"https:\/\/www.pole-avenia.com\/fr\/#organization"},"potentialAction":[{"@type":"SearchAction","target":{"@type":"EntryPoint","urlTemplate":"https:\/\/www.pole-avenia.com\/fr\/?s={search_term_string}"},"query-input":"required name=search_term_string"}],"inLanguage":"fr-FR"},{"@type":"Organization","@id":"https:\/\/www.pole-avenia.com\/fr\/#organization","name":"P\u00f4le AVENIA","url":"https:\/\/www.pole-avenia.com\/fr\/","logo":{"@type":"ImageObject","inLanguage":"fr-FR","@id":"https:\/\/www.pole-avenia.com\/fr\/#\/schema\/logo\/image\/","url":"https:\/\/www.pole-avenia.com\/wp-content\/uploads\/2024\/05\/logo-avenia-icon.png","contentUrl":"https:\/\/www.pole-avenia.com\/wp-content\/uploads\/2024\/05\/logo-avenia-icon.png","width":700,"height":700,"caption":"P\u00f4le AVENIA"},"image":{"@id":"https:\/\/www.pole-avenia.com\/fr\/#\/schema\/logo\/image\/"},"sameAs":["https:\/\/www.linkedin.com\/company\/pole-avenia\/","https:\/\/www.youtube.com\/@poleavenia6865","https:\/\/www.instagram.com\/poleavenia\/"]}]}},"_links":{"self":[{"href":"https:\/\/www.pole-avenia.com\/fr\/wp-json\/wp\/v2\/pages\/635"}],"collection":[{"href":"https:\/\/www.pole-avenia.com\/fr\/wp-json\/wp\/v2\/pages"}],"about":[{"href":"https:\/\/www.pole-avenia.com\/fr\/wp-json\/wp\/v2\/types\/page"}],"author":[{"embeddable":true,"href":"https:\/\/www.pole-avenia.com\/fr\/wp-json\/wp\/v2\/users\/1"}],"replies":[{"embeddable":true,"href":"https:\/\/www.pole-avenia.com\/fr\/wp-json\/wp\/v2\/comments?post=635"}],"version-history":[{"count":14,"href":"https:\/\/www.pole-avenia.com\/fr\/wp-json\/wp\/v2\/pages\/635\/revisions"}],"predecessor-version":[{"id":1482,"href":"https:\/\/www.pole-avenia.com\/fr\/wp-json\/wp\/v2\/pages\/635\/revisions\/1482"}],"up":[{"embeddable":true,"href":"https:\/\/www.pole-avenia.com\/fr\/wp-json\/wp\/v2\/pages\/444"}],"wp:attachment":[{"href":"https:\/\/www.pole-avenia.com\/fr\/wp-json\/wp\/v2\/media?parent=635"}],"wp:term":[{"taxonomy":"pays","embeddable":true,"href":"https:\/\/www.pole-avenia.com\/fr\/wp-json\/wp\/v2\/pays?post=635"},{"taxonomy":"types-de-partenaires","embeddable":true,"href":"https:\/\/www.pole-avenia.com\/fr\/wp-json\/wp\/v2\/types-de-partenaires?post=635"}],"curies":[{"name":"wp","href":"https:\/\/api.w.org\/{rel}","templated":true}]}}